{"id":998,"date":"2021-10-25T13:50:16","date_gmt":"2021-10-25T10:50:16","guid":{"rendered":"https:\/\/crowst.com\/crowsters\/?page_id=998"},"modified":"2021-12-17T15:23:33","modified_gmt":"2021-12-17T13:23:33","slug":"ura-meilla","status":"publish","type":"page","link":"https:\/\/www.crowst.com\/crowsters\/fi\/ura-meilla\/","title":{"rendered":"Ura meill\u00e4"},"content":{"rendered":"\n<div class=\"wp-block-group greige hero\"><div class=\"wp-block-group__inner-container is-layout-flow wp-block-group-is-layout-flow\">\n<div class=\"wp-block-columns reverse half-half is-layout-flex wp-container-core-columns-is-layout-9d6595d7 wp-block-columns-is-layout-flex\">\n<div class=\"wp-block-column is-vertically-aligned-center text-wrapper is-layout-flow wp-block-column-is-layout-flow\">\n<h1 class=\"dark-font wp-block-heading\">T\u00f6ihin meille<\/h1>\n\n\n\n<div class=\"wp-block-buttons is-layout-flex wp-block-buttons-is-layout-flex\">\n<div class=\"wp-block-button button-primary\"><a class=\"wp-block-button__link\" href=\"#positions\">Hypp\u00e4\u00e4 avoimiin positioihin<\/a><\/div>\n<\/div>\n<\/div>\n\n\n\n<div class=\"wp-block-column bg-column is-layout-flow wp-block-column-is-layout-flow\">\n<figure class=\"wp-block-image size-full bg-img\"><img loading=\"lazy\" decoding=\"async\" width=\"1920\" height=\"1287\" src=\"https:\/\/crowst.com\/crowsters\/wp-content\/uploads\/sites\/2\/2021\/11\/crowst25.jpg\" alt=\"\" class=\"wp-image-1084\" srcset=\"https:\/\/www.crowst.com\/crowsters\/wp-content\/uploads\/sites\/2\/2021\/11\/crowst25.jpg 1920w, https:\/\/www.crowst.com\/crowsters\/wp-content\/uploads\/sites\/2\/2021\/11\/crowst25-250x168.jpg 250w, https:\/\/www.crowst.com\/crowsters\/wp-content\/uploads\/sites\/2\/2021\/11\/crowst25-700x469.jpg 700w, https:\/\/www.crowst.com\/crowsters\/wp-content\/uploads\/sites\/2\/2021\/11\/crowst25-768x515.jpg 768w, https:\/\/www.crowst.com\/crowsters\/wp-content\/uploads\/sites\/2\/2021\/11\/crowst25-1536x1030.jpg 1536w, https:\/\/www.crowst.com\/crowsters\/wp-content\/uploads\/sites\/2\/2021\/11\/crowst25-120x80.jpg 120w\" sizes=\"auto, (max-width: 1920px) 100vw, 1920px\" \/><\/figure>\n<\/div>\n<\/div>\n<\/div><\/div>\n\n\n\n<div class=\"wp-block-group\"><div class=\"wp-block-group__inner-container is-layout-flow wp-block-group-is-layout-flow\">\n<div class=\"wp-block-columns is-layout-flex wp-container-core-columns-is-layout-9d6595d7 wp-block-columns-is-layout-flex\">\n<div class=\"wp-block-column text-wrapper is-layout-flow wp-block-column-is-layout-flow\">\n<h2 class=\"wp-block-heading\">Ty\u00f6kulttuurimme<\/h2>\n\n\n\n<p>Me uskomme tavallisten ihmisten voimaan ja siihen, ett\u00e4 jokaisella on oikeus saada \u00e4\u00e4nens\u00e4 kuuluviin. Mahdollisuus kertoa mielipiteens\u00e4 voi aikaansaada my\u00f6s t\u00e4rkeit\u00e4 oivalluksia ja n\u00e4kemyksi\u00e4. Merkityksellinen, oikeaan aikaan saatava tieto johtaa parempiin tuotteisiin ja palveluihin, kehitt\u00e4\u00e4 asiakaskokemuksia ja tehostaa myynti\u00e4.<\/p>\n\n\n\n<p>Ihmisten ymm\u00e4rt\u00e4minen luo pohjan kaiken kehitt\u00e4miselle. Crowstin ihmisyys edell\u00e4 -periaatteen tavoitteena on romuttaa vanhentunut ajattelumalli, jossa ihmiset ovat koe-el\u00e4imi\u00e4. Tilalle rakennamme uudenlaista tutkimusmaailmaa, joka perustuu nopeuteen, moderniin mobiiliteknologiaan ja tiedon merkityksellisyyteen.<\/p>\n\n\n\n<p>Vuoden 2019 Slush-tapahtumassa Crowst valittiin 130 yrityksen joukosta kansainv\u00e4lisen Nordic Business Angel #1&nbsp;-palkinnon saajaksi. T\u00e4n\u00e4 p\u00e4iv\u00e4n\u00e4 asiakkainamme on useita johtavia kotimaisia ja kansainv\u00e4lisi\u00e4 yrityksi\u00e4. Crowst on ESOMARin j\u00e4sen.<\/p>\n<\/div>\n\n\n\n<div class=\"wp-block-column text-wrapper space-for-icons is-layout-flow wp-block-column-is-layout-flow\">\n<figure class=\"wp-block-image size-full\"><img decoding=\"async\" src=\"https:\/\/crowst.com\/wp-content\/uploads\/2021\/09\/plan1.svg\" alt=\"\" class=\"wp-image-213\" \/><\/figure>\n\n\n\n<p>Uskomme ihmisiin<\/p>\n\n\n\n<p> <\/p>\n\n\n\n<figure class=\"wp-block-image size-full\"><img decoding=\"async\" src=\"https:\/\/crowst.com\/wp-content\/uploads\/2021\/09\/plan1.svg\" alt=\"\" class=\"wp-image-213\" \/><\/figure>\n\n\n\n<p>Ymm\u00e4rrys<\/p>\n\n\n\n<p> <\/p>\n\n\n\n<figure class=\"wp-block-image size-full\"><img decoding=\"async\" src=\"https:\/\/crowst.com\/wp-content\/uploads\/2021\/09\/plan1.svg\" alt=\"\" class=\"wp-image-213\" \/><\/figure>\n\n\n\n<p>Positiivinen vaikutus<\/p>\n\n\n\n<p> <\/p>\n<\/div>\n<\/div>\n<\/div><\/div>\n\n\n\n<div class=\"wp-block-group light-grey fullwidth accordion-section\"><div class=\"wp-block-group__inner-container is-layout-flow wp-block-group-is-layout-flow\">\n<h2 class=\"has-text-align-center wp-block-heading\" id=\"positions\">Avoimet ty\u00f6paikat<\/h2>\n\n\n\n<div class=\"wp-block-getwid-accordion has-icon-left\" data-active-element=\"none\">\n<div class=\"wp-block-getwid-accordion__header-wrapper\"><span class=\"wp-block-getwid-accordion__header\"><a href=\"#\"><span class=\"wp-block-getwid-accordion__header-title\">Avoin hakemus<\/span><span class=\"wp-block-getwid-accordion__icon is-active\"><i class=\"fas fa-plus\"><\/i><\/span><span class=\"wp-block-getwid-accordion__icon is-passive\"><i class=\"fas fa-minus\"><\/i><\/span><\/a><\/span><\/div><div class=\"wp-block-getwid-accordion__content-wrapper\"><div class=\"wp-block-getwid-accordion__content\">\n<p>Me Crowstilla olemme aina kiinnostuneita kunnianhimoisiin, taidokkaisiin ihmisiin tutkimuksen ja n\u00e4kemyksen, markkinoinnin, yhteis\u00f6manageroinnin, B2B-myynnin ja teknisen kehityksen aloilla.<\/p>\n\n\n\n<p>Jos luulet olevasi sopiva meille t\u00f6ihin, laitathan avoimen hakemuksesi osoitteeseen contact[a]crowst.com.<\/p>\n<\/div><\/div>\n<\/div>\n<\/div><\/div>\n\n\n\n<div class=\"wp-block-group greige-section slim-content fullwidth no-top-margin\"><div class=\"wp-block-group__inner-container is-layout-flow wp-block-group-is-layout-flow\">\n<h2 class=\"has-text-align-center wp-block-heading\">Haluatko jutella kanssamme lis\u00e4\u00e4?<\/h2>\n\n\n\n<div class=\"wp-block-buttons is-content-justification-center is-layout-flex wp-block-buttons-is-layout-flex\">\n<div class=\"wp-block-button button-primary big\"><a class=\"wp-block-button__link\" href=\"\/fi\/tiimi\/\">Tapaa tiimimme<\/a><\/div>\n<\/div>\n<\/div><\/div>\n","protected":false},"excerpt":{"rendered":"T\u00f6ihin meille Ty\u00f6kulttuurimme Me uskomme tavallisten ihmisten voimaan ja siihen, ett\u00e4 jokaisella on oikeus saada \u00e4\u00e4nens\u00e4 kuuluviin. Mahdollisuus kertoa mielipiteens\u00e4 voi aikaansaada my\u00f6s t\u00e4rkeit\u00e4 oivalluksia ja n\u00e4kemyksi\u00e4. Merkityksellinen, oikeaan aikaan saatava tieto johtaa parempiin tuotteisiin ja palveluihin, kehitt\u00e4\u00e4 asiakaskokemuksia ja tehostaa myynti\u00e4. Ihmisten ymm\u00e4rt\u00e4minen luo pohjan kaiken kehitt\u00e4miselle. Crowstin ihmisyys edell\u00e4 -periaatteen tavoitteena on romuttaa&#8230; <a class=\"view-article\" href=\"https:\/\/www.crowst.com\/crowsters\/fi\/ura-meilla\/\">Read article<\/a>","protected":false},"author":3,"featured_media":0,"parent":0,"menu_order":0,"comment_status":"closed","ping_status":"closed","template":"","meta":{"inline_featured_image":false,"footnotes":""},"class_list":["post-998","page","type-page","status-publish","hentry"],"yoast_head":"<!-- This site is optimized with the Yoast SEO Premium plugin v24.0 (Yoast SEO v27.3) - https:\/\/yoast.com\/product\/yoast-seo-premium-wordpress\/ -->\n<title>Ura meill\u00e4 - Crowsters<\/title>\n<meta name=\"description\" content=\"Join us in making the world of insight more authentic.\" \/>\n<meta name=\"robots\" content=\"index, follow, max-snippet:-1, max-image-preview:large, max-video-preview:-1\" \/>\n<link rel=\"canonical\" href=\"https:\/\/www.crowst.com\/crowsters\/fi\/ura-meilla\/\" \/>\n<meta property=\"og:locale\" content=\"fi_FI\" \/>\n<meta property=\"og:type\" content=\"article\" \/>\n<meta property=\"og:title\" content=\"Ura meill\u00e4\" \/>\n<meta property=\"og:description\" content=\"Join us in making the world of insight more authentic.\" \/>\n<meta property=\"og:url\" content=\"https:\/\/www.crowst.com\/crowsters\/fi\/ura-meilla\/\" \/>\n<meta property=\"og:site_name\" content=\"Crowsters\" \/>\n<meta property=\"article:publisher\" content=\"https:\/\/www.facebook.com\/CrowstApp\/\" \/>\n<meta property=\"article:modified_time\" content=\"2021-12-17T13:23:33+00:00\" \/>\n<meta property=\"og:image\" content=\"https:\/\/crowstcom-wp14195.test.cchosting.fi\/crowsters\/wp-content\/uploads\/sites\/2\/2021\/11\/crowst25.jpg\" \/>\n<meta name=\"twitter:card\" content=\"summary_large_image\" \/>\n<meta name=\"twitter:label1\" content=\"Arvioitu lukuaika\" \/>\n\t<meta name=\"twitter:data1\" content=\"2 minuuttia\" \/>\n<script type=\"application\/ld+json\" class=\"yoast-schema-graph\">{\"@context\":\"https:\\\/\\\/schema.org\",\"@graph\":[{\"@type\":\"WebPage\",\"@id\":\"https:\\\/\\\/www.crowst.com\\\/crowsters\\\/fi\\\/ura-meilla\\\/\",\"url\":\"https:\\\/\\\/www.crowst.com\\\/crowsters\\\/fi\\\/ura-meilla\\\/\",\"name\":\"Ura meill\u00e4 - Crowsters\",\"isPartOf\":{\"@id\":\"https:\\\/\\\/www.crowst.com\\\/crowsters\\\/#website\"},\"primaryImageOfPage\":{\"@id\":\"https:\\\/\\\/www.crowst.com\\\/crowsters\\\/fi\\\/ura-meilla\\\/#primaryimage\"},\"image\":{\"@id\":\"https:\\\/\\\/www.crowst.com\\\/crowsters\\\/fi\\\/ura-meilla\\\/#primaryimage\"},\"thumbnailUrl\":\"https:\\\/\\\/crowst.com\\\/crowsters\\\/wp-content\\\/uploads\\\/sites\\\/2\\\/2021\\\/11\\\/crowst25.jpg\",\"datePublished\":\"2021-10-25T10:50:16+00:00\",\"dateModified\":\"2021-12-17T13:23:33+00:00\",\"description\":\"Join us in making the world of insight more authentic.\",\"breadcrumb\":{\"@id\":\"https:\\\/\\\/www.crowst.com\\\/crowsters\\\/fi\\\/ura-meilla\\\/#breadcrumb\"},\"inLanguage\":\"fi\",\"potentialAction\":[{\"@type\":\"ReadAction\",\"target\":[\"https:\\\/\\\/www.crowst.com\\\/crowsters\\\/fi\\\/ura-meilla\\\/\"]}]},{\"@type\":\"ImageObject\",\"inLanguage\":\"fi\",\"@id\":\"https:\\\/\\\/www.crowst.com\\\/crowsters\\\/fi\\\/ura-meilla\\\/#primaryimage\",\"url\":\"https:\\\/\\\/crowst.com\\\/crowsters\\\/wp-content\\\/uploads\\\/sites\\\/2\\\/2021\\\/11\\\/crowst25.jpg\",\"contentUrl\":\"https:\\\/\\\/crowst.com\\\/crowsters\\\/wp-content\\\/uploads\\\/sites\\\/2\\\/2021\\\/11\\\/crowst25.jpg\"},{\"@type\":\"BreadcrumbList\",\"@id\":\"https:\\\/\\\/www.crowst.com\\\/crowsters\\\/fi\\\/ura-meilla\\\/#breadcrumb\",\"itemListElement\":[{\"@type\":\"ListItem\",\"position\":1,\"name\":\"Etusivu\",\"item\":\"https:\\\/\\\/www.crowst.com\\\/crowsters\\\/\"},{\"@type\":\"ListItem\",\"position\":2,\"name\":\"Ura meill\u00e4\"}]},{\"@type\":\"WebSite\",\"@id\":\"https:\\\/\\\/www.crowst.com\\\/crowsters\\\/#website\",\"url\":\"https:\\\/\\\/www.crowst.com\\\/crowsters\\\/\",\"name\":\"Crowsters\",\"description\":\"\",\"publisher\":{\"@id\":\"https:\\\/\\\/www.crowst.com\\\/crowsters\\\/#organization\"},\"potentialAction\":[{\"@type\":\"SearchAction\",\"target\":{\"@type\":\"EntryPoint\",\"urlTemplate\":\"https:\\\/\\\/www.crowst.com\\\/crowsters\\\/?s={search_term_string}\"},\"query-input\":{\"@type\":\"PropertyValueSpecification\",\"valueRequired\":true,\"valueName\":\"search_term_string\"}}],\"inLanguage\":\"fi\"},{\"@type\":\"Organization\",\"@id\":\"https:\\\/\\\/www.crowst.com\\\/crowsters\\\/#organization\",\"name\":\"Crowst\",\"url\":\"https:\\\/\\\/www.crowst.com\\\/crowsters\\\/\",\"logo\":{\"@type\":\"ImageObject\",\"inLanguage\":\"fi\",\"@id\":\"https:\\\/\\\/www.crowst.com\\\/crowsters\\\/#\\\/schema\\\/logo\\\/image\\\/\",\"url\":\"https:\\\/\\\/crowst.com\\\/crowsters\\\/wp-content\\\/uploads\\\/sites\\\/2\\\/2021\\\/10\\\/logo-orange.svg\",\"contentUrl\":\"https:\\\/\\\/crowst.com\\\/crowsters\\\/wp-content\\\/uploads\\\/sites\\\/2\\\/2021\\\/10\\\/logo-orange.svg\",\"width\":486,\"height\":104,\"caption\":\"Crowst\"},\"image\":{\"@id\":\"https:\\\/\\\/www.crowst.com\\\/crowsters\\\/#\\\/schema\\\/logo\\\/image\\\/\"},\"sameAs\":[\"https:\\\/\\\/www.facebook.com\\\/CrowstApp\\\/\",\"https:\\\/\\\/www.instagram.com\\\/crowstapp\\\/\",\"https:\\\/\\\/www.linkedin.com\\\/company\\\/crowst\\\/\"]}]}<\/script>\n<!-- \/ Yoast SEO Premium plugin. -->","yoast_head_json":{"title":"Ura meill\u00e4 - Crowsters","description":"Join us in making the world of insight more authentic.","robots":{"index":"index","follow":"follow","max-snippet":"max-snippet:-1","max-image-preview":"max-image-preview:large","max-video-preview":"max-video-preview:-1"},"canonical":"https:\/\/www.crowst.com\/crowsters\/fi\/ura-meilla\/","og_locale":"fi_FI","og_type":"article","og_title":"Ura meill\u00e4","og_description":"Join us in making the world of insight more authentic.","og_url":"https:\/\/www.crowst.com\/crowsters\/fi\/ura-meilla\/","og_site_name":"Crowsters","article_publisher":"https:\/\/www.facebook.com\/CrowstApp\/","article_modified_time":"2021-12-17T13:23:33+00:00","og_image":[{"url":"https:\/\/crowstcom-wp14195.test.cchosting.fi\/crowsters\/wp-content\/uploads\/sites\/2\/2021\/11\/crowst25.jpg","type":"","width":"","height":""}],"twitter_card":"summary_large_image","twitter_misc":{"Arvioitu lukuaika":"2 minuuttia"},"schema":{"@context":"https:\/\/schema.org","@graph":[{"@type":"WebPage","@id":"https:\/\/www.crowst.com\/crowsters\/fi\/ura-meilla\/","url":"https:\/\/www.crowst.com\/crowsters\/fi\/ura-meilla\/","name":"Ura meill\u00e4 - Crowsters","isPartOf":{"@id":"https:\/\/www.crowst.com\/crowsters\/#website"},"primaryImageOfPage":{"@id":"https:\/\/www.crowst.com\/crowsters\/fi\/ura-meilla\/#primaryimage"},"image":{"@id":"https:\/\/www.crowst.com\/crowsters\/fi\/ura-meilla\/#primaryimage"},"thumbnailUrl":"https:\/\/crowst.com\/crowsters\/wp-content\/uploads\/sites\/2\/2021\/11\/crowst25.jpg","datePublished":"2021-10-25T10:50:16+00:00","dateModified":"2021-12-17T13:23:33+00:00","description":"Join us in making the world of insight more authentic.","breadcrumb":{"@id":"https:\/\/www.crowst.com\/crowsters\/fi\/ura-meilla\/#breadcrumb"},"inLanguage":"fi","potentialAction":[{"@type":"ReadAction","target":["https:\/\/www.crowst.com\/crowsters\/fi\/ura-meilla\/"]}]},{"@type":"ImageObject","inLanguage":"fi","@id":"https:\/\/www.crowst.com\/crowsters\/fi\/ura-meilla\/#primaryimage","url":"https:\/\/crowst.com\/crowsters\/wp-content\/uploads\/sites\/2\/2021\/11\/crowst25.jpg","contentUrl":"https:\/\/crowst.com\/crowsters\/wp-content\/uploads\/sites\/2\/2021\/11\/crowst25.jpg"},{"@type":"BreadcrumbList","@id":"https:\/\/www.crowst.com\/crowsters\/fi\/ura-meilla\/#breadcrumb","itemListElement":[{"@type":"ListItem","position":1,"name":"Etusivu","item":"https:\/\/www.crowst.com\/crowsters\/"},{"@type":"ListItem","position":2,"name":"Ura meill\u00e4"}]},{"@type":"WebSite","@id":"https:\/\/www.crowst.com\/crowsters\/#website","url":"https:\/\/www.crowst.com\/crowsters\/","name":"Crowsters","description":"","publisher":{"@id":"https:\/\/www.crowst.com\/crowsters\/#organization"},"potentialAction":[{"@type":"SearchAction","target":{"@type":"EntryPoint","urlTemplate":"https:\/\/www.crowst.com\/crowsters\/?s={search_term_string}"},"query-input":{"@type":"PropertyValueSpecification","valueRequired":true,"valueName":"search_term_string"}}],"inLanguage":"fi"},{"@type":"Organization","@id":"https:\/\/www.crowst.com\/crowsters\/#organization","name":"Crowst","url":"https:\/\/www.crowst.com\/crowsters\/","logo":{"@type":"ImageObject","inLanguage":"fi","@id":"https:\/\/www.crowst.com\/crowsters\/#\/schema\/logo\/image\/","url":"https:\/\/crowst.com\/crowsters\/wp-content\/uploads\/sites\/2\/2021\/10\/logo-orange.svg","contentUrl":"https:\/\/crowst.com\/crowsters\/wp-content\/uploads\/sites\/2\/2021\/10\/logo-orange.svg","width":486,"height":104,"caption":"Crowst"},"image":{"@id":"https:\/\/www.crowst.com\/crowsters\/#\/schema\/logo\/image\/"},"sameAs":["https:\/\/www.facebook.com\/CrowstApp\/","https:\/\/www.instagram.com\/crowstapp\/","https:\/\/www.linkedin.com\/company\/crowst\/"]}]}},"_links":{"self":[{"href":"https:\/\/www.crowst.com\/crowsters\/wp-json\/wp\/v2\/pages\/998","targetHints":{"allow":["GET"]}}],"collection":[{"href":"https:\/\/www.crowst.com\/crowsters\/wp-json\/wp\/v2\/pages"}],"about":[{"href":"https:\/\/www.crowst.com\/crowsters\/wp-json\/wp\/v2\/types\/page"}],"author":[{"embeddable":true,"href":"https:\/\/www.crowst.com\/crowsters\/wp-json\/wp\/v2\/users\/3"}],"replies":[{"embeddable":true,"href":"https:\/\/www.crowst.com\/crowsters\/wp-json\/wp\/v2\/comments?post=998"}],"version-history":[{"count":7,"href":"https:\/\/www.crowst.com\/crowsters\/wp-json\/wp\/v2\/pages\/998\/revisions"}],"predecessor-version":[{"id":1172,"href":"https:\/\/www.crowst.com\/crowsters\/wp-json\/wp\/v2\/pages\/998\/revisions\/1172"}],"wp:attachment":[{"href":"https:\/\/www.crowst.com\/crowsters\/wp-json\/wp\/v2\/media?parent=998"}],"curies":[{"name":"wp","href":"https:\/\/api.w.org\/{rel}","templated":true}]}}