{"id":233,"date":"2021-09-24T11:57:54","date_gmt":"2021-09-24T08:57:54","guid":{"rendered":"https:\/\/crowst.com\/crowsters\/?page_id=233"},"modified":"2024-10-12T15:29:13","modified_gmt":"2024-10-12T12:29:13","slug":"kuinka-se-toimii","status":"publish","type":"page","link":"https:\/\/www.crowst.com\/crowsters\/fi\/kuinka-se-toimii\/","title":{"rendered":"Kuinka se toimii"},"content":{"rendered":"\n<div class=\"wp-block-group hero bg-column fullwidth-hero-img\"><div class=\"wp-block-group__inner-container is-layout-flow wp-block-group-is-layout-flow\">\n<div class=\"wp-block-columns is-layout-flex wp-container-core-columns-is-layout-9d6595d7 wp-block-columns-is-layout-flex\">\n<div class=\"wp-block-column is-vertically-aligned-center text-wrapper is-layout-flow wp-block-column-is-layout-flow\">\n<h1 class=\"wp-block-heading light-font\" id=\"h-kuinka-crowst-sovellus-toimii\">Kuinka Crowst-sovellus <strong>toimii<\/strong><\/h1>\n\n\n\n<p><\/p>\n<\/div>\n\n\n\n<div class=\"wp-block-column is-vertically-aligned-bottom no-height is-layout-flow wp-block-column-is-layout-flow\"><\/div>\n<\/div>\n\n\n\n<figure class=\"wp-block-image size-full bg-img\"><img decoding=\"async\" src=\"https:\/\/crowst.com\/wp-content\/uploads\/2021\/09\/crowst_photo_tall_2560x15945-min.jpg\" alt=\"\" class=\"wp-image-849\" \/><\/figure>\n<\/div><\/div>\n\n\n\n<div class=\"wp-block-buttons is-layout-flex wp-block-buttons-is-layout-flex\"><\/div>\n\n\n\n<div class=\"wp-block-group steps-wrapper\"><div class=\"wp-block-group__inner-container is-layout-flow wp-block-group-is-layout-flow\">\n<div class=\"wp-block-group steps\"><div class=\"wp-block-group__inner-container is-layout-flow wp-block-group-is-layout-flow\">\n<figure class=\"wp-block-image size-full is-resized\"><img decoding=\"async\" src=\"https:\/\/crowst.com\/wp-content\/uploads\/2021\/09\/crowst-numbers-gray-29.svg\" alt=\"\" class=\"wp-image-991\" style=\"width:34px\" \/><\/figure>\n<\/div><\/div>\n\n\n\n<div class=\"wp-block-group left-border\"><div class=\"wp-block-group__inner-container is-layout-flow wp-block-group-is-layout-flow\">\n<div class=\"wp-block-columns is-layout-flex wp-container-core-columns-is-layout-9d6595d7 wp-block-columns-is-layout-flex\">\n<div class=\"wp-block-column is-layout-flow wp-block-column-is-layout-flow\">\n<h2 class=\"wp-block-heading\" id=\"h-lataa-ilmainen-sovellus-app-storessa-tai-google-play-kaupassa\">Lataa ilmainen sovellus <strong>App Storessa<\/strong> tai <strong>Google Play<\/strong> -kaupassa<\/h2>\n\n\n\n<p>Rekister\u00f6idy sovellukseen ja etsi kyselyit\u00e4 ja teht\u00e4vi\u00e4, joihin haluat vastata. P\u00e4\u00e4t\u00e4t itse, mihin vastaat!<\/p>\n\n\n\n<div class=\"wp-block-columns lataa-sovellus align-left is-layout-flex wp-container-core-columns-is-layout-9d6595d7 wp-block-columns-is-layout-flex\">\n<div class=\"wp-block-column is-layout-flow wp-block-column-is-layout-flow\">\n<figure class=\"wp-block-image size-full\"><a href=\"https:\/\/play.google.com\/store\/apps\/details?id=com.crowst.crowstapp&amp;hl=fi&amp;gl=US\" target=\"_blank\" rel=\"noopener\"><img loading=\"lazy\" decoding=\"async\" width=\"172\" height=\"56\" src=\"https:\/\/crowst.com\/crowsters\/wp-content\/uploads\/sites\/2\/2021\/09\/appstore.svg\" alt=\"\" class=\"wp-image-54\" \/><\/a><\/figure>\n<\/div>\n\n\n\n<div class=\"wp-block-column is-layout-flow wp-block-column-is-layout-flow\">\n<figure class=\"wp-block-image size-large\"><a href=\"https:\/\/apps.apple.com\/fi\/app\/crowst\/id1139748148\" target=\"_blank\" rel=\"noopener\"><img loading=\"lazy\" decoding=\"async\" width=\"170\" height=\"55\" src=\"https:\/\/crowst.com\/crowsters\/wp-content\/uploads\/sites\/2\/2021\/09\/playstore.svg\" alt=\"\" class=\"wp-image-55\" \/><\/a><\/figure>\n<\/div>\n<\/div>\n<\/div>\n\n\n\n<div class=\"wp-block-column icons-with-columns is-layout-flow wp-block-column-is-layout-flow\">\n<div class=\"wp-block-columns is-layout-flex wp-container-core-columns-is-layout-9d6595d7 wp-block-columns-is-layout-flex\">\n<div class=\"wp-block-column is-layout-flow wp-block-column-is-layout-flow\"><\/div>\n<\/div>\n<\/div>\n<\/div>\n<\/div><\/div>\n\n\n\n<div class=\"wp-block-group steps\"><div class=\"wp-block-group__inner-container is-layout-flow wp-block-group-is-layout-flow\">\n<figure class=\"wp-block-image size-large is-resized\"><img decoding=\"async\" src=\"https:\/\/crowst.com\/wp-content\/uploads\/2021\/09\/crowst-numbers-gray-30.svg\" alt=\"\" class=\"wp-image-992\" style=\"width:34px\" \/><\/figure>\n<\/div><\/div>\n\n\n\n<div class=\"wp-block-group left-border\"><div class=\"wp-block-group__inner-container is-layout-flow wp-block-group-is-layout-flow\">\n<div class=\"wp-block-columns is-layout-flex wp-container-core-columns-is-layout-9d6595d7 wp-block-columns-is-layout-flex\">\n<div class=\"wp-block-column is-layout-flow wp-block-column-is-layout-flow\">\n<h2 class=\"wp-block-heading\" id=\"h-vastaa-tutkimuksiin-ja-kerryta-palkintoja\">Vastaa tutkimuksiin ja <strong>kerryt\u00e4 palkintoja<\/strong><\/h2>\n\n\n\n<p>Vastauksesi laatu tarkistetaan, ja kun kaikki on OK, saat vastaukseesi liittyv\u00e4t pisteet ja mahdollisen euroarvon Crowst-tilillesi. Kun olet kerrytt\u00e4nyt v\u00e4hint\u00e4\u00e4n 10 euroa tilillesi, voit lunastaa lahjakortteja. Gogift SuperLahjakortilla voit valita yli sadan tunnetun br\u00e4ndin joukosta.<\/p>\n<\/div>\n\n\n\n<div class=\"wp-block-column is-layout-flow wp-block-column-is-layout-flow\">\n<figure class=\"wp-block-image size-large extra-air\"><img loading=\"lazy\" decoding=\"async\" width=\"700\" height=\"699\" src=\"https:\/\/crowst.com\/crowsters\/wp-content\/uploads\/sites\/2\/2021\/10\/crowst12-700x699.jpg\" alt=\"crowster man\" class=\"wp-image-661\" srcset=\"https:\/\/www.crowst.com\/crowsters\/wp-content\/uploads\/sites\/2\/2021\/10\/crowst12-700x699.jpg 700w, https:\/\/www.crowst.com\/crowsters\/wp-content\/uploads\/sites\/2\/2021\/10\/crowst12-250x250.jpg 250w, https:\/\/www.crowst.com\/crowsters\/wp-content\/uploads\/sites\/2\/2021\/10\/crowst12-150x150.jpg 150w, https:\/\/www.crowst.com\/crowsters\/wp-content\/uploads\/sites\/2\/2021\/10\/crowst12-768x767.jpg 768w, https:\/\/www.crowst.com\/crowsters\/wp-content\/uploads\/sites\/2\/2021\/10\/crowst12-1536x1534.jpg 1536w, https:\/\/www.crowst.com\/crowsters\/wp-content\/uploads\/sites\/2\/2021\/10\/crowst12-120x120.jpg 120w, https:\/\/www.crowst.com\/crowsters\/wp-content\/uploads\/sites\/2\/2021\/10\/crowst12.jpg 1600w\" sizes=\"auto, (max-width: 700px) 100vw, 700px\" \/><\/figure>\n<\/div>\n<\/div>\n<\/div><\/div>\n\n\n\n<div class=\"wp-block-group steps\"><div class=\"wp-block-group__inner-container is-layout-flow wp-block-group-is-layout-flow\">\n<figure class=\"wp-block-image size-large is-resized\"><img decoding=\"async\" src=\"https:\/\/crowst.com\/wp-content\/uploads\/2021\/09\/crowst-numbers-gray-31.svg\" alt=\"\" class=\"wp-image-993\" style=\"width:34px\" \/><\/figure>\n<\/div><\/div>\n\n\n\n<div class=\"wp-block-group left-border\"><div class=\"wp-block-group__inner-container is-layout-flow wp-block-group-is-layout-flow\">\n<div class=\"wp-block-columns is-layout-flex wp-container-core-columns-is-layout-9d6595d7 wp-block-columns-is-layout-flex\">\n<div class=\"wp-block-column is-layout-flow wp-block-column-is-layout-flow\">\n<h2 class=\"wp-block-heading\" id=\"h-lunasta-kertynyt-euroarvosi-lahjakortteina\">Lunasta kertynyt euroarvosi <strong>lahjakortteina<\/strong> <\/h2>\n\n\n\n<p>Gogift SuperLahjakortilla voit valita yli 100 br\u00e4ndin joukosta; tuotteista vaatekauppoihin ja sisustusliikkeist\u00e4 matkatoimistoihin. Voit my\u00f6s tehd\u00e4 hyv\u00e4\u00e4 valitsemalla hyv\u00e4ntekev\u00e4isyyslahjakortin! Lahjakortti toimitetaan sinulle s\u00e4hk\u00f6postitse.<\/p>\n<\/div>\n\n\n\n<div class=\"wp-block-column is-layout-flow wp-block-column-is-layout-flow\">\n<figure class=\"wp-block-image size-large extra-air\"><img loading=\"lazy\" decoding=\"async\" width=\"700\" height=\"467\" src=\"https:\/\/crowst.com\/crowsters\/wp-content\/uploads\/sites\/2\/2021\/10\/mysteryshopper2-700x467.jpg\" alt=\"mystery shopper crowster\" class=\"wp-image-664\" srcset=\"https:\/\/www.crowst.com\/crowsters\/wp-content\/uploads\/sites\/2\/2021\/10\/mysteryshopper2-700x467.jpg 700w, https:\/\/www.crowst.com\/crowsters\/wp-content\/uploads\/sites\/2\/2021\/10\/mysteryshopper2-250x167.jpg 250w, https:\/\/www.crowst.com\/crowsters\/wp-content\/uploads\/sites\/2\/2021\/10\/mysteryshopper2-768x512.jpg 768w, https:\/\/www.crowst.com\/crowsters\/wp-content\/uploads\/sites\/2\/2021\/10\/mysteryshopper2-1536x1024.jpg 1536w, https:\/\/www.crowst.com\/crowsters\/wp-content\/uploads\/sites\/2\/2021\/10\/mysteryshopper2-120x80.jpg 120w, https:\/\/www.crowst.com\/crowsters\/wp-content\/uploads\/sites\/2\/2021\/10\/mysteryshopper2.jpg 1600w\" sizes=\"auto, (max-width: 700px) 100vw, 700px\" \/><\/figure>\n<\/div>\n<\/div>\n<\/div><\/div>\n\n\n\n<div class=\"wp-block-group steps\"><div class=\"wp-block-group__inner-container is-layout-flow wp-block-group-is-layout-flow\">\n<figure class=\"wp-block-image size-large is-resized\"><img decoding=\"async\" src=\"https:\/\/crowst.com\/wp-content\/uploads\/2021\/09\/crowst-numbers-gray-32.svg\" alt=\"\" class=\"wp-image-994\" style=\"width:34px\" \/><\/figure>\n<\/div><\/div>\n\n\n\n<div class=\"wp-block-group left-border\"><div class=\"wp-block-group__inner-container is-layout-flow wp-block-group-is-layout-flow\">\n<div class=\"wp-block-columns is-layout-flex wp-container-core-columns-is-layout-9d6595d7 wp-block-columns-is-layout-flex\">\n<div class=\"wp-block-column is-layout-flow wp-block-column-is-layout-flow\">\n<h2 class=\"wp-block-heading\" id=\"h-keraa-pisteita-ja-nosta-tasoasi\">Ker\u00e4\u00e4 pisteit\u00e4 ja nosta <strong>tasoasi<\/strong>! <\/h2>\n\n\n\n<p>Ansaitset pisteit\u00e4 jokaisesta kyselyst\u00e4 ja tutkimuksesta, johon vastaat sovelluksessa. Tarvitset pisteit\u00e4 siirty\u00e4ksesi ylemmille tasoille. Mit\u00e4 enemm\u00e4n ker\u00e4\u00e4t pisteit\u00e4, sit\u00e4 korkeammalle tasolle nouset. Kolmella ylimm\u00e4ll\u00e4 tasolla ansaitset enemm\u00e4n pisteit\u00e4 ja euroja kyselyist\u00e4 ja teht\u00e4vist\u00e4, joihin vastaat:<\/p>\n\n\n\n<div class=\"wp-block-columns is-layout-flex wp-container-core-columns-is-layout-9d6595d7 wp-block-columns-is-layout-flex\">\n<div class=\"wp-block-column is-layout-flow wp-block-column-is-layout-flow\">\n<ul class=\"wp-block-list has-small-font-size\">\n<li><strong><strong>Eagle +15%<\/strong><\/strong><\/li>\n\n\n\n<li><strong>Phoenix +25%<\/strong><\/li>\n\n\n\n<li><strong><strong>Dragon +50%<\/strong><\/strong>&nbsp;<\/li>\n<\/ul>\n\n\n\n<p><\/p>\n<\/div>\n<\/div>\n<\/div>\n\n\n\n<div class=\"wp-block-column is-layout-flow wp-block-column-is-layout-flow\"><div class=\"wp-block-image extra-air\">\n<figure class=\"aligncenter size-full\"><img loading=\"lazy\" decoding=\"async\" width=\"532\" height=\"580\" src=\"https:\/\/crowst.com\/crowsters\/wp-content\/uploads\/sites\/2\/2021\/09\/levels.png\" alt=\"\" class=\"wp-image-102\" srcset=\"https:\/\/www.crowst.com\/crowsters\/wp-content\/uploads\/sites\/2\/2021\/09\/levels.png 532w, https:\/\/www.crowst.com\/crowsters\/wp-content\/uploads\/sites\/2\/2021\/09\/levels-250x273.png 250w, https:\/\/www.crowst.com\/crowsters\/wp-content\/uploads\/sites\/2\/2021\/09\/levels-120x131.png 120w\" sizes=\"auto, (max-width: 532px) 100vw, 532px\" \/><\/figure>\n<\/div><\/div>\n<\/div>\n<\/div><\/div>\n\n\n\n<div class=\"wp-block-group steps\"><div class=\"wp-block-group__inner-container is-layout-flow wp-block-group-is-layout-flow\">\n<figure class=\"wp-block-image size-full\"><img decoding=\"async\" src=\"https:\/\/crowst.com\/wp-content\/uploads\/2021\/09\/check-grey.svg\" alt=\"\" class=\"wp-image-345\" \/><\/figure>\n<\/div><\/div>\n\n\n\n<p><\/p>\n<\/div><\/div>\n\n\n\n<div class=\"wp-block-group light-grey slim-content\"><div class=\"wp-block-group__inner-container is-layout-flow wp-block-group-is-layout-flow\">\n<h2 class=\"wp-block-heading has-text-align-center\" id=\"h-miksi-liittya-crowsteriksi\">Miksi liitty\u00e4 <span class=\"bold\">Crowsteriksi?<\/span><\/h2>\n\n\n\n<div class=\"wp-block-buttons is-horizontal is-content-justification-center is-layout-flex wp-container-core-buttons-is-layout-499968f5 wp-block-buttons-is-layout-flex\">\n<div class=\"wp-block-button button-primary\"><a class=\"wp-block-button__link wp-element-button\" href=\"\/crowsters\/fi\/anna-me-kerromme\/\">Anna me kerromme<\/a><\/div>\n<\/div>\n\n\n\n<div class=\"wp-block-getwid-advanced-spacer\" style=\"height:10px\" aria-hidden=\"true\"><\/div>\n<\/div><\/div>\n\n\n\n<div class=\"wp-block-getwid-advanced-spacer\" style=\"height:10px\" aria-hidden=\"true\"><\/div>\n","protected":false},"excerpt":{"rendered":"Kuinka Crowst-sovellus toimii Lataa ilmainen sovellus App Storessa tai Google Play -kaupassa Rekister\u00f6idy sovellukseen ja etsi kyselyit\u00e4 ja teht\u00e4vi\u00e4, joihin haluat vastata. P\u00e4\u00e4t\u00e4t itse, mihin vastaat! Vastaa tutkimuksiin ja kerryt\u00e4 palkintoja Vastauksesi laatu tarkistetaan, ja kun kaikki on OK, saat vastaukseesi liittyv\u00e4t pisteet ja mahdollisen euroarvon Crowst-tilillesi. Kun olet kerrytt\u00e4nyt v\u00e4hint\u00e4\u00e4n 10 euroa tilillesi, voit&#8230; <a class=\"view-article\" href=\"https:\/\/www.crowst.com\/crowsters\/fi\/kuinka-se-toimii\/\">Read article<\/a>","protected":false},"author":1,"featured_media":0,"parent":0,"menu_order":0,"comment_status":"closed","ping_status":"closed","template":"fullwidth-hero.php","meta":{"inline_featured_image":false,"footnotes":""},"class_list":["post-233","page","type-page","status-publish","hentry"],"yoast_head":"<!-- This site is optimized with the Yoast SEO Premium plugin v24.0 (Yoast SEO v27.3) - https:\/\/yoast.com\/product\/yoast-seo-premium-wordpress\/ -->\n<title>Kuinka se toimii - Crowsters<\/title>\n<meta name=\"robots\" content=\"index, follow, max-snippet:-1, max-image-preview:large, max-video-preview:-1\" \/>\n<link rel=\"canonical\" href=\"https:\/\/www.crowst.com\/crowsters\/fi\/kuinka-se-toimii\/\" \/>\n<meta property=\"og:locale\" content=\"fi_FI\" \/>\n<meta property=\"og:type\" content=\"article\" \/>\n<meta property=\"og:title\" content=\"Kuinka se toimii\" \/>\n<meta property=\"og:description\" content=\"Kuinka Crowst-sovellus toimii Lataa ilmainen sovellus App Storessa tai Google Play -kaupassa Rekister\u00f6idy sovellukseen ja etsi kyselyit\u00e4 ja teht\u00e4vi\u00e4, joihin haluat vastata. P\u00e4\u00e4t\u00e4t itse, mihin vastaat! Vastaa tutkimuksiin ja kerryt\u00e4 palkintoja Vastauksesi laatu tarkistetaan, ja kun kaikki on OK, saat vastaukseesi liittyv\u00e4t pisteet ja mahdollisen euroarvon Crowst-tilillesi. Kun olet kerrytt\u00e4nyt v\u00e4hint\u00e4\u00e4n 10 euroa tilillesi, voit... Read article\" \/>\n<meta property=\"og:url\" content=\"https:\/\/www.crowst.com\/crowsters\/fi\/kuinka-se-toimii\/\" \/>\n<meta property=\"og:site_name\" content=\"Crowsters\" \/>\n<meta property=\"article:publisher\" content=\"https:\/\/www.facebook.com\/CrowstApp\/\" \/>\n<meta property=\"article:modified_time\" content=\"2024-10-12T12:29:13+00:00\" \/>\n<meta property=\"og:image\" content=\"https:\/\/www.crowst.com\/crowsters\/wp-content\/uploads\/sites\/2\/2021\/10\/crowst-share-b2c-1.jpg\" \/>\n\t<meta property=\"og:image:width\" content=\"1280\" \/>\n\t<meta property=\"og:image:height\" content=\"720\" \/>\n\t<meta property=\"og:image:type\" content=\"image\/jpeg\" \/>\n<meta name=\"twitter:card\" content=\"summary_large_image\" \/>\n<meta name=\"twitter:label1\" content=\"Arvioitu lukuaika\" \/>\n\t<meta name=\"twitter:data1\" content=\"4 minuuttia\" \/>\n<script type=\"application\/ld+json\" class=\"yoast-schema-graph\">{\"@context\":\"https:\\\/\\\/schema.org\",\"@graph\":[{\"@type\":\"WebPage\",\"@id\":\"https:\\\/\\\/www.crowst.com\\\/crowsters\\\/fi\\\/kuinka-se-toimii\\\/\",\"url\":\"https:\\\/\\\/www.crowst.com\\\/crowsters\\\/fi\\\/kuinka-se-toimii\\\/\",\"name\":\"Kuinka se toimii - Crowsters\",\"isPartOf\":{\"@id\":\"https:\\\/\\\/www.crowst.com\\\/crowsters\\\/#website\"},\"primaryImageOfPage\":{\"@id\":\"https:\\\/\\\/www.crowst.com\\\/crowsters\\\/fi\\\/kuinka-se-toimii\\\/#primaryimage\"},\"image\":{\"@id\":\"https:\\\/\\\/www.crowst.com\\\/crowsters\\\/fi\\\/kuinka-se-toimii\\\/#primaryimage\"},\"thumbnailUrl\":\"https:\\\/\\\/crowst.com\\\/wp-content\\\/uploads\\\/2021\\\/09\\\/crowst_photo_tall_2560x15945-min.jpg\",\"datePublished\":\"2021-09-24T08:57:54+00:00\",\"dateModified\":\"2024-10-12T12:29:13+00:00\",\"breadcrumb\":{\"@id\":\"https:\\\/\\\/www.crowst.com\\\/crowsters\\\/fi\\\/kuinka-se-toimii\\\/#breadcrumb\"},\"inLanguage\":\"fi\",\"potentialAction\":[{\"@type\":\"ReadAction\",\"target\":[\"https:\\\/\\\/www.crowst.com\\\/crowsters\\\/fi\\\/kuinka-se-toimii\\\/\"]}]},{\"@type\":\"ImageObject\",\"inLanguage\":\"fi\",\"@id\":\"https:\\\/\\\/www.crowst.com\\\/crowsters\\\/fi\\\/kuinka-se-toimii\\\/#primaryimage\",\"url\":\"https:\\\/\\\/crowst.com\\\/wp-content\\\/uploads\\\/2021\\\/09\\\/crowst_photo_tall_2560x15945-min.jpg\",\"contentUrl\":\"https:\\\/\\\/crowst.com\\\/wp-content\\\/uploads\\\/2021\\\/09\\\/crowst_photo_tall_2560x15945-min.jpg\"},{\"@type\":\"BreadcrumbList\",\"@id\":\"https:\\\/\\\/www.crowst.com\\\/crowsters\\\/fi\\\/kuinka-se-toimii\\\/#breadcrumb\",\"itemListElement\":[{\"@type\":\"ListItem\",\"position\":1,\"name\":\"Etusivu\",\"item\":\"https:\\\/\\\/www.crowst.com\\\/crowsters\\\/\"},{\"@type\":\"ListItem\",\"position\":2,\"name\":\"Kuinka se toimii\"}]},{\"@type\":\"WebSite\",\"@id\":\"https:\\\/\\\/www.crowst.com\\\/crowsters\\\/#website\",\"url\":\"https:\\\/\\\/www.crowst.com\\\/crowsters\\\/\",\"name\":\"Crowsters\",\"description\":\"\",\"publisher\":{\"@id\":\"https:\\\/\\\/www.crowst.com\\\/crowsters\\\/#organization\"},\"potentialAction\":[{\"@type\":\"SearchAction\",\"target\":{\"@type\":\"EntryPoint\",\"urlTemplate\":\"https:\\\/\\\/www.crowst.com\\\/crowsters\\\/?s={search_term_string}\"},\"query-input\":{\"@type\":\"PropertyValueSpecification\",\"valueRequired\":true,\"valueName\":\"search_term_string\"}}],\"inLanguage\":\"fi\"},{\"@type\":\"Organization\",\"@id\":\"https:\\\/\\\/www.crowst.com\\\/crowsters\\\/#organization\",\"name\":\"Crowst\",\"url\":\"https:\\\/\\\/www.crowst.com\\\/crowsters\\\/\",\"logo\":{\"@type\":\"ImageObject\",\"inLanguage\":\"fi\",\"@id\":\"https:\\\/\\\/www.crowst.com\\\/crowsters\\\/#\\\/schema\\\/logo\\\/image\\\/\",\"url\":\"https:\\\/\\\/crowst.com\\\/crowsters\\\/wp-content\\\/uploads\\\/sites\\\/2\\\/2021\\\/10\\\/logo-orange.svg\",\"contentUrl\":\"https:\\\/\\\/crowst.com\\\/crowsters\\\/wp-content\\\/uploads\\\/sites\\\/2\\\/2021\\\/10\\\/logo-orange.svg\",\"width\":486,\"height\":104,\"caption\":\"Crowst\"},\"image\":{\"@id\":\"https:\\\/\\\/www.crowst.com\\\/crowsters\\\/#\\\/schema\\\/logo\\\/image\\\/\"},\"sameAs\":[\"https:\\\/\\\/www.facebook.com\\\/CrowstApp\\\/\",\"https:\\\/\\\/www.instagram.com\\\/crowstapp\\\/\",\"https:\\\/\\\/www.linkedin.com\\\/company\\\/crowst\\\/\"]}]}<\/script>\n<!-- \/ Yoast SEO Premium plugin. -->","yoast_head_json":{"title":"Kuinka se toimii - Crowsters","robots":{"index":"index","follow":"follow","max-snippet":"max-snippet:-1","max-image-preview":"max-image-preview:large","max-video-preview":"max-video-preview:-1"},"canonical":"https:\/\/www.crowst.com\/crowsters\/fi\/kuinka-se-toimii\/","og_locale":"fi_FI","og_type":"article","og_title":"Kuinka se toimii","og_description":"Kuinka Crowst-sovellus toimii Lataa ilmainen sovellus App Storessa tai Google Play -kaupassa Rekister\u00f6idy sovellukseen ja etsi kyselyit\u00e4 ja teht\u00e4vi\u00e4, joihin haluat vastata. P\u00e4\u00e4t\u00e4t itse, mihin vastaat! Vastaa tutkimuksiin ja kerryt\u00e4 palkintoja Vastauksesi laatu tarkistetaan, ja kun kaikki on OK, saat vastaukseesi liittyv\u00e4t pisteet ja mahdollisen euroarvon Crowst-tilillesi. Kun olet kerrytt\u00e4nyt v\u00e4hint\u00e4\u00e4n 10 euroa tilillesi, voit... Read article","og_url":"https:\/\/www.crowst.com\/crowsters\/fi\/kuinka-se-toimii\/","og_site_name":"Crowsters","article_publisher":"https:\/\/www.facebook.com\/CrowstApp\/","article_modified_time":"2024-10-12T12:29:13+00:00","og_image":[{"width":1280,"height":720,"url":"https:\/\/www.crowst.com\/crowsters\/wp-content\/uploads\/sites\/2\/2021\/10\/crowst-share-b2c-1.jpg","type":"image\/jpeg"}],"twitter_card":"summary_large_image","twitter_misc":{"Arvioitu lukuaika":"4 minuuttia"},"schema":{"@context":"https:\/\/schema.org","@graph":[{"@type":"WebPage","@id":"https:\/\/www.crowst.com\/crowsters\/fi\/kuinka-se-toimii\/","url":"https:\/\/www.crowst.com\/crowsters\/fi\/kuinka-se-toimii\/","name":"Kuinka se toimii - Crowsters","isPartOf":{"@id":"https:\/\/www.crowst.com\/crowsters\/#website"},"primaryImageOfPage":{"@id":"https:\/\/www.crowst.com\/crowsters\/fi\/kuinka-se-toimii\/#primaryimage"},"image":{"@id":"https:\/\/www.crowst.com\/crowsters\/fi\/kuinka-se-toimii\/#primaryimage"},"thumbnailUrl":"https:\/\/crowst.com\/wp-content\/uploads\/2021\/09\/crowst_photo_tall_2560x15945-min.jpg","datePublished":"2021-09-24T08:57:54+00:00","dateModified":"2024-10-12T12:29:13+00:00","breadcrumb":{"@id":"https:\/\/www.crowst.com\/crowsters\/fi\/kuinka-se-toimii\/#breadcrumb"},"inLanguage":"fi","potentialAction":[{"@type":"ReadAction","target":["https:\/\/www.crowst.com\/crowsters\/fi\/kuinka-se-toimii\/"]}]},{"@type":"ImageObject","inLanguage":"fi","@id":"https:\/\/www.crowst.com\/crowsters\/fi\/kuinka-se-toimii\/#primaryimage","url":"https:\/\/crowst.com\/wp-content\/uploads\/2021\/09\/crowst_photo_tall_2560x15945-min.jpg","contentUrl":"https:\/\/crowst.com\/wp-content\/uploads\/2021\/09\/crowst_photo_tall_2560x15945-min.jpg"},{"@type":"BreadcrumbList","@id":"https:\/\/www.crowst.com\/crowsters\/fi\/kuinka-se-toimii\/#breadcrumb","itemListElement":[{"@type":"ListItem","position":1,"name":"Etusivu","item":"https:\/\/www.crowst.com\/crowsters\/"},{"@type":"ListItem","position":2,"name":"Kuinka se toimii"}]},{"@type":"WebSite","@id":"https:\/\/www.crowst.com\/crowsters\/#website","url":"https:\/\/www.crowst.com\/crowsters\/","name":"Crowsters","description":"","publisher":{"@id":"https:\/\/www.crowst.com\/crowsters\/#organization"},"potentialAction":[{"@type":"SearchAction","target":{"@type":"EntryPoint","urlTemplate":"https:\/\/www.crowst.com\/crowsters\/?s={search_term_string}"},"query-input":{"@type":"PropertyValueSpecification","valueRequired":true,"valueName":"search_term_string"}}],"inLanguage":"fi"},{"@type":"Organization","@id":"https:\/\/www.crowst.com\/crowsters\/#organization","name":"Crowst","url":"https:\/\/www.crowst.com\/crowsters\/","logo":{"@type":"ImageObject","inLanguage":"fi","@id":"https:\/\/www.crowst.com\/crowsters\/#\/schema\/logo\/image\/","url":"https:\/\/crowst.com\/crowsters\/wp-content\/uploads\/sites\/2\/2021\/10\/logo-orange.svg","contentUrl":"https:\/\/crowst.com\/crowsters\/wp-content\/uploads\/sites\/2\/2021\/10\/logo-orange.svg","width":486,"height":104,"caption":"Crowst"},"image":{"@id":"https:\/\/www.crowst.com\/crowsters\/#\/schema\/logo\/image\/"},"sameAs":["https:\/\/www.facebook.com\/CrowstApp\/","https:\/\/www.instagram.com\/crowstapp\/","https:\/\/www.linkedin.com\/company\/crowst\/"]}]}},"_links":{"self":[{"href":"https:\/\/www.crowst.com\/crowsters\/wp-json\/wp\/v2\/pages\/233","targetHints":{"allow":["GET"]}}],"collection":[{"href":"https:\/\/www.crowst.com\/crowsters\/wp-json\/wp\/v2\/pages"}],"about":[{"href":"https:\/\/www.crowst.com\/crowsters\/wp-json\/wp\/v2\/types\/page"}],"author":[{"embeddable":true,"href":"https:\/\/www.crowst.com\/crowsters\/wp-json\/wp\/v2\/users\/1"}],"replies":[{"embeddable":true,"href":"https:\/\/www.crowst.com\/crowsters\/wp-json\/wp\/v2\/comments?post=233"}],"version-history":[{"count":22,"href":"https:\/\/www.crowst.com\/crowsters\/wp-json\/wp\/v2\/pages\/233\/revisions"}],"predecessor-version":[{"id":1404,"href":"https:\/\/www.crowst.com\/crowsters\/wp-json\/wp\/v2\/pages\/233\/revisions\/1404"}],"wp:attachment":[{"href":"https:\/\/www.crowst.com\/crowsters\/wp-json\/wp\/v2\/media?parent=233"}],"curies":[{"name":"wp","href":"https:\/\/api.w.org\/{rel}","templated":true}]}}