{"id":203,"date":"2021-09-24T10:45:05","date_gmt":"2021-09-24T07:45:05","guid":{"rendered":"https:\/\/crowst.com\/crowsters\/?page_id=203"},"modified":"2021-11-05T11:03:16","modified_gmt":"2021-11-05T09:03:16","slug":"kristoffer-40-helsinki-2","status":"publish","type":"page","link":"https:\/\/www.crowst.com\/crowsters\/fi\/anna-me-kerromme\/kristoffer-40-helsinki-2\/","title":{"rendered":"Kristoffer 40, Helsinki"},"content":{"rendered":"\n<h6 class=\"wp-block-heading\"><strong>K\u00e4ytt\u00e4\u00e4 lahjakortit<\/strong><\/h6>\n\n\n\n<p>T\u00e4ll\u00e4 hetkell\u00e4 vain ker\u00e4ilee pisteit\u00e4 ja euroja, todenn\u00e4k\u00f6isesti lunastaa el\u00e4myksiin tai lahjoittaa hyv\u00e4ntekev\u00e4isyyteen<\/p>\n\n\n\n<figure class=\"wp-block-image size-large\"><img loading=\"lazy\" decoding=\"async\" width=\"700\" height=\"700\" src=\"https:\/\/crowst.com\/crowsters\/wp-content\/uploads\/sites\/2\/2021\/11\/kristoffer-700x700.jpg\" alt=\"\" class=\"wp-image-1062\" srcset=\"https:\/\/www.crowst.com\/crowsters\/wp-content\/uploads\/sites\/2\/2021\/11\/kristoffer-700x700.jpg 700w, https:\/\/www.crowst.com\/crowsters\/wp-content\/uploads\/sites\/2\/2021\/11\/kristoffer-250x250.jpg 250w, https:\/\/www.crowst.com\/crowsters\/wp-content\/uploads\/sites\/2\/2021\/11\/kristoffer-150x150.jpg 150w, https:\/\/www.crowst.com\/crowsters\/wp-content\/uploads\/sites\/2\/2021\/11\/kristoffer-120x120.jpg 120w, https:\/\/www.crowst.com\/crowsters\/wp-content\/uploads\/sites\/2\/2021\/11\/kristoffer.jpg 768w\" sizes=\"auto, (max-width: 700px) 100vw, 700px\" \/><\/figure>\n\n\n\n<h4 class=\"wp-block-heading\">Yhteiskunnalliset ja ajankohtaiset kyselyt ovat suosikkeja<\/h4>\n\n\n\n<p class=\"ingress\"><em>Muun muassa Mtv:lt\u00e4, Subilta, Radio Novalta ja S\u00e4velradiosta tuttu juontaja opiskelee t\u00e4ll\u00e4 hetkell\u00e4 web desiginia ja on juuri haastatteluhetkell\u00e4 aloittanut uuden ty\u00f6projektin Radio Voimassa. Mukaan mahtuu my\u00f6s t\u00f6it\u00e4 juontajana ja markkinoinnin parissa sek\u00e4 esimerkiksi mainosten tekoa ja h\u00e4iden seremoniamestarina toimimista.<\/em><\/p>\n\n\n\n<p>Vapaa-ajalla Kristofferin saattaa l\u00f6yt\u00e4\u00e4 leipomasta juureskakkua Hy\u00f6tykasviyhdistyksen kanssa tai ty\u00f6skentelem\u00e4st\u00e4 ihmisoikeusasioiden parissa. \u201dIhmisoikeudet ja ymp\u00e4rist\u00f6 ovat minulle t\u00e4rkeit\u00e4 asioita. Olen mukana Helsinki Pride -yhteis\u00f6n hallituksessa, sill\u00e4 tasa-arvo ja kaikkien ihmisten hyv\u00e4ksyminen sellaisena kuin he ovat, on minulle t\u00e4rke\u00e4\u00e4. My\u00f6s ymp\u00e4rist\u00f6asiat kiinnostavat ja kuulun my\u00f6s Hy\u00f6tykasviyhdistyksen hallitukseen.\u201d, Kristoffer kertoo. Aktiiviseen, ja joka p\u00e4iv\u00e4 erilaiseen arkeen kuuluu my\u00f6s 3-5 kertaa viikossa HIIT-treenit sek\u00e4 kenguruhyppely Kangoo Jumps -kengill\u00e4. \u201dOlen melkein kaksimetrinen n\u00e4iden Kangoo Jumps -kenkien kanssa ja jengi aina katsoo, ett\u00e4 mit\u00e4 toi tekee\u201d. Kristoffer nauraa kertoessaan harrastuksestaan. Kun rauhoittumiseen j\u00e4\u00e4 aikaa, Kristoffer katselee Netflixi\u00e4 avopuolisonsa\u00a0<strong>Markon<\/strong>\u00a0kanssa tai hankkii el\u00e4myksi\u00e4 kaveriporukalla.<\/p>\n\n\n\n<p>Crowstista Kristoffer kuuli siskoltaan, joka suositteli sovelluksen lataamista. Siit\u00e4 l\u00e4htien sovellusta on tutkailtu p\u00e4ivitt\u00e4in uusien teht\u00e4vien varalta. \u201dPid\u00e4n sek\u00e4 kyselyist\u00e4, joihin voi vastata mist\u00e4 vain, ett\u00e4 paikkasidonnaisista teht\u00e4vist\u00e4. Miss\u00e4 tahansa teht\u00e4vin\u00e4 kyselyt, joissa on saanut kertoa mielipiteens\u00e4 mainoksiin liittyen, ovat olleet mielenkiintoisia, koska niiss\u00e4 saa vaikuttaa lopputulokseen ja n\u00e4hd\u00e4 mainoksen esimerkiksi my\u00f6hemmin telkkarissa. Paikkasidonnaisten teht\u00e4vien tekeminen on j\u00e4nn\u00e4\u00e4 etenkin, jos menen tekem\u00e4\u00e4n teht\u00e4v\u00e4\u00e4 kauppaan tai kahvilaan jossa k\u00e4yn muutenkin. T\u00e4ll\u00f6in olen kuin \u00b4secret agent\u00b4.\u201d Kristoffer intoilee ja jatkaa: \u201dtoisaalta esimerkiksi ty\u00f6keikalla toisella paikkakunnalla on kiva bongata teht\u00e4v\u00e4paikkoja ja sit\u00e4 kautta menn\u00e4 tutustumaan uusiin paikkoihin\u201d. Yksitt\u00e4isist\u00e4 kyselyist\u00e4 Kristofferin suosikkeja ovat olleet yhteiskunnalliset ja ajankohtaiset kyselyt, kuten Viikon juttu -kysely Amazonin mets\u00e4paloihin liittyen.<\/p>\n\n\n\n<blockquote class=\"wp-block-quote is-layout-flow wp-block-quote-is-layout-flow\"><p>\u201dJoskus on mahtavaa kun intensiivisiss\u00e4 ty\u00f6hommissa puhelimeen kilahtaa ilmoitus uudesta teht\u00e4v\u00e4st\u00e4. Kyselyyn vastaamalla saa juuri sopivan muutaman minuutin breikin t\u00f6ist\u00e4 ja ajatukset hetkeksi muualle.\u201d<\/p><\/blockquote>\n\n\n\n<p>Crowstin k\u00e4yt\u00f6st\u00e4 on tullut Kristofferille hauska harrastus kaupungilla liikkuessa, jonka parissa ei ole hauskoilta sattumuksilta v\u00e4ltytty. \u201dKerrankin menin tekem\u00e4\u00e4n teht\u00e4v\u00e4\u00e4 kenk\u00e4kauppaan, mutta huomasin vasta perill\u00e4, ett\u00e4 paikassa on suurimmaksi osaksi naisten kenki\u00e4. Keksin siin\u00e4 sitten hyv\u00e4t peitetarinat sille, miksi ylip\u00e4\u00e4t\u00e4\u00e4n olen siell\u00e4\u201d, Kristoffer nauraa. Kyselyihin, joihin voi vastata miss\u00e4 vain Kristoffer vastaa enimm\u00e4kseen kotona puhelinta selaillessa tai esimerkiksi ty\u00f6keikalla saadakseen ajatukset muualle. \u201dJoskus on mahtavaa kun intensiivisiss\u00e4 ty\u00f6hommissa puhelimeen kilahtaa ilmoitus uudesta teht\u00e4v\u00e4st\u00e4. Kyselyyn vastaamalla saa juuri sopivan muutaman minuutin breikin t\u00f6ist\u00e4 ja ajatukset hetkeksi muualle.\u201d, Kristoffer sanoo.<\/p>\n\n\n\n<p>Parasta Crowstissa on Kristofferin mielest\u00e4 mahdollisuus vaikuttaa. \u201dEn itse pelaa mit\u00e4\u00e4n puhelimella tai k\u00e4yt\u00e4 aikaa sellaisiin asioihin, mutta Crowst on hyv\u00e4 sovellus aikuiselle. Teht\u00e4vi\u00e4 voi tehd\u00e4 miss\u00e4 vaan ja kerrytell\u00e4 euroja omalla aktiivisuudella.\u201d, h\u00e4n toteaa ja jatkaa \u201dKyll\u00e4 kannattaa ottaa appi viikoksi kokeiluun. Se pysyy siell\u00e4 puhelimessa ja voit k\u00e4ytt\u00e4\u00e4 sit\u00e4 silloin kuin haluat. Vaikutat asioihin ja tienaat k\u00e4ym\u00e4ll\u00e4 samoissa paikoissa, joissa k\u00e4yt muutenkin. T\u00e4m\u00e4 on hyv\u00e4 tapa pysy\u00e4 k\u00e4rryill\u00e4 maailman menosta ja vaihtoehto esimerkiksi uutisten selailulle. K\u00e4yt\u00f6n voi tuunata niin omann\u00e4k\u00f6iseksi ja teht\u00e4viss\u00e4 on monipuolisesti vaihtoehtoja erilaisille k\u00e4ytt\u00e4jille.\u201d<\/p>\n\n\n\n<p>Kristoffer ei ole viel\u00e4 lunastanut sovelluksesta lahjakortteja, mutta sen tullessa ajankohtaiseksi arvelee joko k\u00e4ytt\u00e4v\u00e4ns\u00e4 lahjakortit el\u00e4mykseen tai lahjoittavansa eurot Crowstin kautta hyv\u00e4ntekev\u00e4isyyteen hyv\u00e4ntekev\u00e4isyyslahjakortilla.<\/p>\n\n\n\n<div class=\"wp-block-group greige-section slim-content fullwidth\"><div class=\"wp-block-group__inner-container is-layout-flow wp-block-group-is-layout-flow\">\n<h2 class=\"has-text-align-center wp-block-heading\">Anna maailman <br>kuulla <span class=\"bold\">\u00e4\u00e4nesi<\/span><\/h2>\n\n\n\n<div class=\"wp-block-columns lataa-sovellus is-layout-flex wp-container-core-columns-is-layout-9d6595d7 wp-block-columns-is-layout-flex\">\n<div class=\"wp-block-column is-layout-flow wp-block-column-is-layout-flow\">\n<figure class=\"wp-block-image size-full\"><a href=\"https:\/\/apps.apple.com\/fi\/app\/crowst\/id1139748148\" target=\"_blank\" rel=\"noopener\"><img loading=\"lazy\" decoding=\"async\" width=\"596\" height=\"168\" src=\"https:\/\/crowst.com\/crowsters\/wp-content\/uploads\/sites\/2\/2021\/10\/lataa-crowst-appstoresta.png\" alt=\"\" class=\"wp-image-775\" srcset=\"https:\/\/www.crowst.com\/crowsters\/wp-content\/uploads\/sites\/2\/2021\/10\/lataa-crowst-appstoresta.png 596w, https:\/\/www.crowst.com\/crowsters\/wp-content\/uploads\/sites\/2\/2021\/10\/lataa-crowst-appstoresta-250x70.png 250w, https:\/\/www.crowst.com\/crowsters\/wp-content\/uploads\/sites\/2\/2021\/10\/lataa-crowst-appstoresta-120x34.png 120w\" sizes=\"auto, (max-width: 596px) 100vw, 596px\" \/><\/a><\/figure>\n<\/div>\n\n\n\n<div class=\"wp-block-column is-layout-flow wp-block-column-is-layout-flow\">\n<figure class=\"wp-block-image size-full\"><a href=\"https:\/\/play.google.com\/store\/apps\/details?id=com.crowst.crowstapp&amp;hl=fi&amp;gl=US\" target=\"_blank\" rel=\"noopener\"><img loading=\"lazy\" decoding=\"async\" width=\"596\" height=\"168\" src=\"https:\/\/crowst.com\/crowsters\/wp-content\/uploads\/sites\/2\/2021\/10\/lataa-crowst-googleplaystoresta.png\" alt=\"\" class=\"wp-image-774\" srcset=\"https:\/\/www.crowst.com\/crowsters\/wp-content\/uploads\/sites\/2\/2021\/10\/lataa-crowst-googleplaystoresta.png 596w, https:\/\/www.crowst.com\/crowsters\/wp-content\/uploads\/sites\/2\/2021\/10\/lataa-crowst-googleplaystoresta-250x70.png 250w, https:\/\/www.crowst.com\/crowsters\/wp-content\/uploads\/sites\/2\/2021\/10\/lataa-crowst-googleplaystoresta-120x34.png 120w\" sizes=\"auto, (max-width: 596px) 100vw, 596px\" \/><\/a><\/figure>\n<\/div>\n<\/div>\n<\/div><\/div>\n","protected":false},"excerpt":{"rendered":"K\u00e4ytt\u00e4\u00e4 lahjakortit T\u00e4ll\u00e4 hetkell\u00e4 vain ker\u00e4ilee pisteit\u00e4 ja euroja, todenn\u00e4k\u00f6isesti lunastaa el\u00e4myksiin tai lahjoittaa hyv\u00e4ntekev\u00e4isyyteen Yhteiskunnalliset ja ajankohtaiset kyselyt ovat suosikkeja Muun muassa Mtv:lt\u00e4, Subilta, Radio Novalta ja S\u00e4velradiosta tuttu juontaja opiskelee t\u00e4ll\u00e4 hetkell\u00e4 web desiginia ja on juuri haastatteluhetkell\u00e4 aloittanut uuden ty\u00f6projektin Radio Voimassa. Mukaan mahtuu my\u00f6s t\u00f6it\u00e4 juontajana ja markkinoinnin parissa sek\u00e4 esimerkiksi&#8230; <a class=\"view-article\" href=\"https:\/\/www.crowst.com\/crowsters\/fi\/anna-me-kerromme\/kristoffer-40-helsinki-2\/\">Read article<\/a>","protected":false},"author":1,"featured_media":202,"parent":162,"menu_order":0,"comment_status":"closed","ping_status":"closed","template":"single-crowster.php","meta":{"inline_featured_image":false,"footnotes":""},"class_list":["post-203","page","type-page","status-publish","has-post-thumbnail","hentry"],"yoast_head":"<!-- This site is optimized with the Yoast SEO Premium plugin v24.0 (Yoast SEO v27.5) - https:\/\/yoast.com\/product\/yoast-seo-premium-wordpress\/ -->\n<title>Kristoffer 40, Helsinki - Crowsters<\/title>\n<meta name=\"robots\" content=\"index, follow, max-snippet:-1, max-image-preview:large, max-video-preview:-1\" \/>\n<link rel=\"canonical\" href=\"https:\/\/www.crowst.com\/crowsters\/fi\/anna-me-kerromme\/kristoffer-40-helsinki-2\/\" \/>\n<meta property=\"og:locale\" content=\"fi_FI\" \/>\n<meta property=\"og:type\" content=\"article\" \/>\n<meta property=\"og:title\" content=\"Kristoffer 40, Helsinki\" \/>\n<meta property=\"og:description\" content=\"K\u00e4ytt\u00e4\u00e4 lahjakortit T\u00e4ll\u00e4 hetkell\u00e4 vain ker\u00e4ilee pisteit\u00e4 ja euroja, todenn\u00e4k\u00f6isesti lunastaa el\u00e4myksiin tai lahjoittaa hyv\u00e4ntekev\u00e4isyyteen Yhteiskunnalliset ja ajankohtaiset kyselyt ovat suosikkeja Muun muassa Mtv:lt\u00e4, Subilta, Radio Novalta ja S\u00e4velradiosta tuttu juontaja opiskelee t\u00e4ll\u00e4 hetkell\u00e4 web desiginia ja on juuri haastatteluhetkell\u00e4 aloittanut uuden ty\u00f6projektin Radio Voimassa. Mukaan mahtuu my\u00f6s t\u00f6it\u00e4 juontajana ja markkinoinnin parissa sek\u00e4 esimerkiksi... Read article\" \/>\n<meta property=\"og:url\" content=\"https:\/\/www.crowst.com\/crowsters\/fi\/anna-me-kerromme\/kristoffer-40-helsinki-2\/\" \/>\n<meta property=\"og:site_name\" content=\"Crowsters\" \/>\n<meta property=\"article:publisher\" content=\"https:\/\/www.facebook.com\/CrowstApp\/\" \/>\n<meta property=\"article:modified_time\" content=\"2021-11-05T09:03:16+00:00\" \/>\n<meta property=\"og:image\" content=\"https:\/\/crowstcom-wp14195.test.cchosting.fi\/crowsters\/wp-content\/uploads\/sites\/2\/2021\/09\/kristoffer-bg-e1633503516227.png\" \/>\n\t<meta property=\"og:image:width\" content=\"1000\" \/>\n\t<meta property=\"og:image:height\" content=\"457\" \/>\n\t<meta property=\"og:image:type\" content=\"image\/png\" \/>\n<meta name=\"twitter:card\" content=\"summary_large_image\" \/>\n<meta name=\"twitter:label1\" content=\"Arvioitu lukuaika\" \/>\n\t<meta name=\"twitter:data1\" content=\"3 minuuttia\" \/>\n<script type=\"application\/ld+json\" class=\"yoast-schema-graph\">{\"@context\":\"https:\\\/\\\/schema.org\",\"@graph\":[{\"@type\":\"WebPage\",\"@id\":\"https:\\\/\\\/www.crowst.com\\\/crowsters\\\/fi\\\/anna-me-kerromme\\\/kristoffer-40-helsinki-2\\\/\",\"url\":\"https:\\\/\\\/www.crowst.com\\\/crowsters\\\/fi\\\/anna-me-kerromme\\\/kristoffer-40-helsinki-2\\\/\",\"name\":\"Kristoffer 40, Helsinki - Crowsters\",\"isPartOf\":{\"@id\":\"https:\\\/\\\/www.crowst.com\\\/crowsters\\\/#website\"},\"primaryImageOfPage\":{\"@id\":\"https:\\\/\\\/www.crowst.com\\\/crowsters\\\/fi\\\/anna-me-kerromme\\\/kristoffer-40-helsinki-2\\\/#primaryimage\"},\"image\":{\"@id\":\"https:\\\/\\\/www.crowst.com\\\/crowsters\\\/fi\\\/anna-me-kerromme\\\/kristoffer-40-helsinki-2\\\/#primaryimage\"},\"thumbnailUrl\":\"https:\\\/\\\/www.crowst.com\\\/crowsters\\\/wp-content\\\/uploads\\\/sites\\\/2\\\/2021\\\/09\\\/kristoffer-bg-e1633503516227.png\",\"datePublished\":\"2021-09-24T07:45:05+00:00\",\"dateModified\":\"2021-11-05T09:03:16+00:00\",\"breadcrumb\":{\"@id\":\"https:\\\/\\\/www.crowst.com\\\/crowsters\\\/fi\\\/anna-me-kerromme\\\/kristoffer-40-helsinki-2\\\/#breadcrumb\"},\"inLanguage\":\"fi\",\"potentialAction\":[{\"@type\":\"ReadAction\",\"target\":[\"https:\\\/\\\/www.crowst.com\\\/crowsters\\\/fi\\\/anna-me-kerromme\\\/kristoffer-40-helsinki-2\\\/\"]}]},{\"@type\":\"ImageObject\",\"inLanguage\":\"fi\",\"@id\":\"https:\\\/\\\/www.crowst.com\\\/crowsters\\\/fi\\\/anna-me-kerromme\\\/kristoffer-40-helsinki-2\\\/#primaryimage\",\"url\":\"https:\\\/\\\/www.crowst.com\\\/crowsters\\\/wp-content\\\/uploads\\\/sites\\\/2\\\/2021\\\/09\\\/kristoffer-bg-e1633503516227.png\",\"contentUrl\":\"https:\\\/\\\/www.crowst.com\\\/crowsters\\\/wp-content\\\/uploads\\\/sites\\\/2\\\/2021\\\/09\\\/kristoffer-bg-e1633503516227.png\",\"width\":1000,\"height\":457},{\"@type\":\"BreadcrumbList\",\"@id\":\"https:\\\/\\\/www.crowst.com\\\/crowsters\\\/fi\\\/anna-me-kerromme\\\/kristoffer-40-helsinki-2\\\/#breadcrumb\",\"itemListElement\":[{\"@type\":\"ListItem\",\"position\":1,\"name\":\"Etusivu\",\"item\":\"https:\\\/\\\/www.crowst.com\\\/crowsters\\\/\"},{\"@type\":\"ListItem\",\"position\":2,\"name\":\"Anna me kerromme\",\"item\":\"https:\\\/\\\/crowstcom-wp14195.test.cchosting.fi\\\/crowsters\\\/fi\\\/anna-me-kerromme\\\/\"},{\"@type\":\"ListItem\",\"position\":3,\"name\":\"Kristoffer 40, Helsinki\"}]},{\"@type\":\"WebSite\",\"@id\":\"https:\\\/\\\/www.crowst.com\\\/crowsters\\\/#website\",\"url\":\"https:\\\/\\\/www.crowst.com\\\/crowsters\\\/\",\"name\":\"Crowsters\",\"description\":\"\",\"publisher\":{\"@id\":\"https:\\\/\\\/www.crowst.com\\\/crowsters\\\/#organization\"},\"potentialAction\":[{\"@type\":\"SearchAction\",\"target\":{\"@type\":\"EntryPoint\",\"urlTemplate\":\"https:\\\/\\\/www.crowst.com\\\/crowsters\\\/?s={search_term_string}\"},\"query-input\":{\"@type\":\"PropertyValueSpecification\",\"valueRequired\":true,\"valueName\":\"search_term_string\"}}],\"inLanguage\":\"fi\"},{\"@type\":\"Organization\",\"@id\":\"https:\\\/\\\/www.crowst.com\\\/crowsters\\\/#organization\",\"name\":\"Crowst\",\"url\":\"https:\\\/\\\/www.crowst.com\\\/crowsters\\\/\",\"logo\":{\"@type\":\"ImageObject\",\"inLanguage\":\"fi\",\"@id\":\"https:\\\/\\\/www.crowst.com\\\/crowsters\\\/#\\\/schema\\\/logo\\\/image\\\/\",\"url\":\"https:\\\/\\\/crowst.com\\\/crowsters\\\/wp-content\\\/uploads\\\/sites\\\/2\\\/2021\\\/10\\\/logo-orange.svg\",\"contentUrl\":\"https:\\\/\\\/crowst.com\\\/crowsters\\\/wp-content\\\/uploads\\\/sites\\\/2\\\/2021\\\/10\\\/logo-orange.svg\",\"width\":486,\"height\":104,\"caption\":\"Crowst\"},\"image\":{\"@id\":\"https:\\\/\\\/www.crowst.com\\\/crowsters\\\/#\\\/schema\\\/logo\\\/image\\\/\"},\"sameAs\":[\"https:\\\/\\\/www.facebook.com\\\/CrowstApp\\\/\",\"https:\\\/\\\/www.instagram.com\\\/crowstapp\\\/\",\"https:\\\/\\\/www.linkedin.com\\\/company\\\/crowst\\\/\"]}]}<\/script>\n<!-- \/ Yoast SEO Premium plugin. -->","yoast_head_json":{"title":"Kristoffer 40, Helsinki - Crowsters","robots":{"index":"index","follow":"follow","max-snippet":"max-snippet:-1","max-image-preview":"max-image-preview:large","max-video-preview":"max-video-preview:-1"},"canonical":"https:\/\/www.crowst.com\/crowsters\/fi\/anna-me-kerromme\/kristoffer-40-helsinki-2\/","og_locale":"fi_FI","og_type":"article","og_title":"Kristoffer 40, Helsinki","og_description":"K\u00e4ytt\u00e4\u00e4 lahjakortit T\u00e4ll\u00e4 hetkell\u00e4 vain ker\u00e4ilee pisteit\u00e4 ja euroja, todenn\u00e4k\u00f6isesti lunastaa el\u00e4myksiin tai lahjoittaa hyv\u00e4ntekev\u00e4isyyteen Yhteiskunnalliset ja ajankohtaiset kyselyt ovat suosikkeja Muun muassa Mtv:lt\u00e4, Subilta, Radio Novalta ja S\u00e4velradiosta tuttu juontaja opiskelee t\u00e4ll\u00e4 hetkell\u00e4 web desiginia ja on juuri haastatteluhetkell\u00e4 aloittanut uuden ty\u00f6projektin Radio Voimassa. Mukaan mahtuu my\u00f6s t\u00f6it\u00e4 juontajana ja markkinoinnin parissa sek\u00e4 esimerkiksi... Read article","og_url":"https:\/\/www.crowst.com\/crowsters\/fi\/anna-me-kerromme\/kristoffer-40-helsinki-2\/","og_site_name":"Crowsters","article_publisher":"https:\/\/www.facebook.com\/CrowstApp\/","article_modified_time":"2021-11-05T09:03:16+00:00","og_image":[{"width":1000,"height":457,"url":"https:\/\/crowstcom-wp14195.test.cchosting.fi\/crowsters\/wp-content\/uploads\/sites\/2\/2021\/09\/kristoffer-bg-e1633503516227.png","type":"image\/png"}],"twitter_card":"summary_large_image","twitter_misc":{"Arvioitu lukuaika":"3 minuuttia"},"schema":{"@context":"https:\/\/schema.org","@graph":[{"@type":"WebPage","@id":"https:\/\/www.crowst.com\/crowsters\/fi\/anna-me-kerromme\/kristoffer-40-helsinki-2\/","url":"https:\/\/www.crowst.com\/crowsters\/fi\/anna-me-kerromme\/kristoffer-40-helsinki-2\/","name":"Kristoffer 40, Helsinki - Crowsters","isPartOf":{"@id":"https:\/\/www.crowst.com\/crowsters\/#website"},"primaryImageOfPage":{"@id":"https:\/\/www.crowst.com\/crowsters\/fi\/anna-me-kerromme\/kristoffer-40-helsinki-2\/#primaryimage"},"image":{"@id":"https:\/\/www.crowst.com\/crowsters\/fi\/anna-me-kerromme\/kristoffer-40-helsinki-2\/#primaryimage"},"thumbnailUrl":"https:\/\/www.crowst.com\/crowsters\/wp-content\/uploads\/sites\/2\/2021\/09\/kristoffer-bg-e1633503516227.png","datePublished":"2021-09-24T07:45:05+00:00","dateModified":"2021-11-05T09:03:16+00:00","breadcrumb":{"@id":"https:\/\/www.crowst.com\/crowsters\/fi\/anna-me-kerromme\/kristoffer-40-helsinki-2\/#breadcrumb"},"inLanguage":"fi","potentialAction":[{"@type":"ReadAction","target":["https:\/\/www.crowst.com\/crowsters\/fi\/anna-me-kerromme\/kristoffer-40-helsinki-2\/"]}]},{"@type":"ImageObject","inLanguage":"fi","@id":"https:\/\/www.crowst.com\/crowsters\/fi\/anna-me-kerromme\/kristoffer-40-helsinki-2\/#primaryimage","url":"https:\/\/www.crowst.com\/crowsters\/wp-content\/uploads\/sites\/2\/2021\/09\/kristoffer-bg-e1633503516227.png","contentUrl":"https:\/\/www.crowst.com\/crowsters\/wp-content\/uploads\/sites\/2\/2021\/09\/kristoffer-bg-e1633503516227.png","width":1000,"height":457},{"@type":"BreadcrumbList","@id":"https:\/\/www.crowst.com\/crowsters\/fi\/anna-me-kerromme\/kristoffer-40-helsinki-2\/#breadcrumb","itemListElement":[{"@type":"ListItem","position":1,"name":"Etusivu","item":"https:\/\/www.crowst.com\/crowsters\/"},{"@type":"ListItem","position":2,"name":"Anna me kerromme","item":"https:\/\/crowstcom-wp14195.test.cchosting.fi\/crowsters\/fi\/anna-me-kerromme\/"},{"@type":"ListItem","position":3,"name":"Kristoffer 40, Helsinki"}]},{"@type":"WebSite","@id":"https:\/\/www.crowst.com\/crowsters\/#website","url":"https:\/\/www.crowst.com\/crowsters\/","name":"Crowsters","description":"","publisher":{"@id":"https:\/\/www.crowst.com\/crowsters\/#organization"},"potentialAction":[{"@type":"SearchAction","target":{"@type":"EntryPoint","urlTemplate":"https:\/\/www.crowst.com\/crowsters\/?s={search_term_string}"},"query-input":{"@type":"PropertyValueSpecification","valueRequired":true,"valueName":"search_term_string"}}],"inLanguage":"fi"},{"@type":"Organization","@id":"https:\/\/www.crowst.com\/crowsters\/#organization","name":"Crowst","url":"https:\/\/www.crowst.com\/crowsters\/","logo":{"@type":"ImageObject","inLanguage":"fi","@id":"https:\/\/www.crowst.com\/crowsters\/#\/schema\/logo\/image\/","url":"https:\/\/crowst.com\/crowsters\/wp-content\/uploads\/sites\/2\/2021\/10\/logo-orange.svg","contentUrl":"https:\/\/crowst.com\/crowsters\/wp-content\/uploads\/sites\/2\/2021\/10\/logo-orange.svg","width":486,"height":104,"caption":"Crowst"},"image":{"@id":"https:\/\/www.crowst.com\/crowsters\/#\/schema\/logo\/image\/"},"sameAs":["https:\/\/www.facebook.com\/CrowstApp\/","https:\/\/www.instagram.com\/crowstapp\/","https:\/\/www.linkedin.com\/company\/crowst\/"]}]}},"_links":{"self":[{"href":"https:\/\/www.crowst.com\/crowsters\/wp-json\/wp\/v2\/pages\/203","targetHints":{"allow":["GET"]}}],"collection":[{"href":"https:\/\/www.crowst.com\/crowsters\/wp-json\/wp\/v2\/pages"}],"about":[{"href":"https:\/\/www.crowst.com\/crowsters\/wp-json\/wp\/v2\/types\/page"}],"author":[{"embeddable":true,"href":"https:\/\/www.crowst.com\/crowsters\/wp-json\/wp\/v2\/users\/1"}],"replies":[{"embeddable":true,"href":"https:\/\/www.crowst.com\/crowsters\/wp-json\/wp\/v2\/comments?post=203"}],"version-history":[{"count":5,"href":"https:\/\/www.crowst.com\/crowsters\/wp-json\/wp\/v2\/pages\/203\/revisions"}],"predecessor-version":[{"id":1157,"href":"https:\/\/www.crowst.com\/crowsters\/wp-json\/wp\/v2\/pages\/203\/revisions\/1157"}],"up":[{"embeddable":true,"href":"https:\/\/www.crowst.com\/crowsters\/wp-json\/wp\/v2\/pages\/162"}],"wp:featuredmedia":[{"embeddable":true,"href":"https:\/\/www.crowst.com\/crowsters\/wp-json\/wp\/v2\/media\/202"}],"wp:attachment":[{"href":"https:\/\/www.crowst.com\/crowsters\/wp-json\/wp\/v2\/media?parent=203"}],"curies":[{"name":"wp","href":"https:\/\/api.w.org\/{rel}","templated":true}]}}