{"id":182,"date":"2021-09-24T10:28:04","date_gmt":"2021-09-24T07:28:04","guid":{"rendered":"https:\/\/crowst.com\/crowsters\/?page_id=182"},"modified":"2024-10-12T16:01:31","modified_gmt":"2024-10-12T13:01:31","slug":"satu-33-kuopio","status":"publish","type":"page","link":"https:\/\/www.crowst.com\/crowsters\/fi\/anna-me-kerromme\/satu-33-kuopio\/","title":{"rendered":"Satu 33, Kuopio"},"content":{"rendered":"\n<h6 class=\"wp-block-heading\" id=\"h-kayttaa-lahjakortit\"><strong>K\u00e4ytt\u00e4\u00e4 lahjakortit<\/strong><\/h6>\n\n\n\n<p>Ruokakauppoihin<\/p>\n\n\n\n<figure class=\"wp-block-image size-large\"><img loading=\"lazy\" decoding=\"async\" width=\"700\" height=\"700\" src=\"https:\/\/crowst.com\/crowsters\/wp-content\/uploads\/sites\/2\/2021\/11\/satu-700x700.jpg\" alt=\"\" class=\"wp-image-1063\" srcset=\"https:\/\/www.crowst.com\/crowsters\/wp-content\/uploads\/sites\/2\/2021\/11\/satu-700x700.jpg 700w, https:\/\/www.crowst.com\/crowsters\/wp-content\/uploads\/sites\/2\/2021\/11\/satu-250x250.jpg 250w, https:\/\/www.crowst.com\/crowsters\/wp-content\/uploads\/sites\/2\/2021\/11\/satu-150x150.jpg 150w, https:\/\/www.crowst.com\/crowsters\/wp-content\/uploads\/sites\/2\/2021\/11\/satu-120x120.jpg 120w, https:\/\/www.crowst.com\/crowsters\/wp-content\/uploads\/sites\/2\/2021\/11\/satu.jpg 768w\" sizes=\"auto, (max-width: 700px) 100vw, 700px\" \/><\/figure>\n\n\n\n<h4 class=\"wp-block-heading\" id=\"h-yritysten-kyselytulosten-perusteella-tekemien-toimenpiteiden-nakeminen-palkitsee\">Yritysten kyselytulosten perusteella tekemien toimenpiteiden n\u00e4keminen palkitsee<\/h4>\n\n\n\n<p class=\"ingress\"><em>Postilla ty\u00f6skentelev\u00e4 Satu tykk\u00e4\u00e4 viett\u00e4\u00e4 vapaa-aikaansa ulkoillen, liikkuen, el\u00e4inten parissa sek\u00e4 poikayst\u00e4v\u00e4n kanssa elokuvia ja tv-sarjoja katsellen. Vaikuttaminen oli Satulle tuttua jo ennest\u00e4\u00e4n. \u201dOlin aiemmin ollut mukana jossakin vastaavassa palvelussa, mutta teht\u00e4vi\u00e4 ei pahemmin tullut. Kiinnostuin Crowstista n\u00e4hty\u00e4ni mainoksen somessa ja j\u00e4in koukkuun\u201d, Satu nauraa. Nyt reilun vuoden k\u00e4yt\u00f6n j\u00e4lkeen Satu on Dragon, eli saavuttanut Crowstin korkeimman tason, jolla h\u00e4n ansaitsee kaikista vastaamistaan kyselyist\u00e4 50 % normaalia suuremman palkkion.<\/em><\/p>\n\n\n\n<p>Postissa ty\u00f6ajat vaihtelevat, joten v\u00e4lill\u00e4 kohdalle sattuu pidempi\u00e4kin vapaita. Miss\u00e4 tahansa vastattaviin kyselyihin Satu vastaa saman tien uuden kohderyhm\u00e4lleen suunnatun teht\u00e4v\u00e4n ilmestyess\u00e4 sovellukseen. \u201dSuosikkejani ovat lyhyet kyselyt, joissa arvioidaan mainoksia tai uutuustuotteita. N\u00e4m\u00e4 ovat mielenkiintoisia, sill\u00e4 p\u00e4\u00e4sen niiden kautta tutustumaan tuotteisiin, jotka eiv\u00e4t viel\u00e4 ole markkinoilla. Koen, ett\u00e4 arvioimalla vaikutan suoraan tuleviin tuotteisiin ja palveluihin\u201d, Satu kertoo.<\/p>\n\n\n\n<p>Vapaap\u00e4ivin\u00e4\u00e4n Satu kiertelee esimerkiksi lenkin yhteydess\u00e4 suorittamassa Kuopion paikkasidonnaisia teht\u00e4vi\u00e4. Mukaan mahtuu my\u00f6s hauskoja sattumuksia. \u201dKes\u00e4ll\u00e4 tein terassiarviointeja. Olin aiemmin vastannut er\u00e4\u00e4n ravintolan terassilta ja sen j\u00e4lkeen jatkanut toiselle terassille suorittamaan teht\u00e4v\u00e4\u00e4. Paluumatkalla huomasin toisen Crowsterin kuvaamassa ensimm\u00e4ist\u00e4 terassia.\u201d, Satu muistelee. Eik\u00e4 ihme, ett\u00e4 silloin t\u00e4ll\u00f6in toiseen Crowsteriin t\u00f6rm\u00e4\u00e4kin, onhan sovelluksella jo kymmeni\u00e4 tuhansia k\u00e4ytt\u00e4ji\u00e4 Suomessa. Satu tarkkailee sovelluksen teht\u00e4v\u00e4karttaa my\u00f6s reissatessaan muualla Suomessa. \u201dPaikkasidonnaisiin teht\u00e4viin on hauska vastata. Teht\u00e4vien kautta my\u00f6s sellaiset itselleni uudet liikeet tulevat tutuiksi, joihin ei ehk\u00e4 muuten tulisi menty\u00e4!\u201d, h\u00e4n miettii.<\/p>\n\n\n\n<blockquote class=\"wp-block-quote is-layout-flow wp-block-quote-is-layout-flow\">\n<p>\u201dPaikkasidonnaisiin teht\u00e4viin on hauska vastata. Teht\u00e4vien kautta my\u00f6s sellaiset itselleni uudet liikeet tulevat tutuiksi, joihin ei ehk\u00e4 muuten tulisi menty\u00e4!\u201d<\/p>\n<\/blockquote>\n\n\n\n<p>Enemm\u00e4n itsekseen ja pienemmiss\u00e4 porukoissa viihtyv\u00e4 Satu pit\u00e4\u00e4 siit\u00e4, ett\u00e4 Crowstin kautta on mahdollisuus vaikuttaa itsen\u00e4isesti, mutta kuitenkin porukassa: \u201dKatson julkaisemianne kyselytuloksia somessa. On mielenkiintoista n\u00e4hd\u00e4, mit\u00e4 mielt\u00e4 muut vastaajat ovat olleet asioista, joihin olen my\u00f6s itse ottanut kantaa. On palkitsevaa n\u00e4hd\u00e4, mit\u00e4 havaintoja ja toimenpiteit\u00e4 kyselytulosten perusteella on tehty yrityksiss\u00e4. Tuntuu silt\u00e4, ett\u00e4 voin oikeasti vaikuttaa asioihin.\u201d Vaikuttamisen lis\u00e4ksi my\u00f6s palkitseminen motivoi. \u201dOn hienoa, ett\u00e4 vaikuttamisen ohella mielipiteist\u00e4ni palkitaan&#8221;, Satu jatkaa.\u201dPaikkasidonnaisiin teht\u00e4viin on hauska vastata. Teht\u00e4vien kautta my\u00f6s sellaiset itselleni uudet liikeet tulevat tutuiksi, joihin ei ehk\u00e4 muuten tulisi menty\u00e4!\u201d<\/p>\n\n\n\n<p>Satu suosittelisi Crowstia kaikille. \u201dKannattaa ehdottomasti kokeilla. K\u00e4ytt\u00f6 on koukuttavaa ja se on helppo aloittaa esimerkiksi lyhyisiin ja hauskoihin tuote- tai mainosarviointeihin vastaamalla. Crowstia k\u00e4ytt\u00e4m\u00e4ll\u00e4 on helppo hy\u00f6dynt\u00e4\u00e4 tyls\u00e4t hetket ja luppoaika. Paikkasidonnaisiin teht\u00e4viin vastaamalla uudet tuotteet tulevat tutuiksi ja tulee k\u00e4yty\u00e4 sellaisissa liikkeiss\u00e4, joihin ei ehk\u00e4 muuten tulisi menty\u00e4! Eik\u00e4 palkkioistakaan tietenk\u00e4\u00e4n haittaa ole&#8221;, Satu iloitsee.<\/p>\n\n\n\n<div class=\"wp-block-group greige-section slim-content fullwidth\"><div class=\"wp-block-group__inner-container is-layout-flow wp-block-group-is-layout-flow\">\n<h2 class=\"has-text-align-center wp-block-heading\">Anna maailman <br>kuulla <span class=\"bold\">\u00e4\u00e4nesi<\/span><\/h2>\n\n\n\n<div class=\"wp-block-columns lataa-sovellus is-layout-flex wp-container-core-columns-is-layout-9d6595d7 wp-block-columns-is-layout-flex\">\n<div class=\"wp-block-column is-layout-flow wp-block-column-is-layout-flow\">\n<figure class=\"wp-block-image size-full\"><a href=\"https:\/\/apps.apple.com\/fi\/app\/crowst\/id1139748148\" target=\"_blank\" rel=\"noopener\"><img loading=\"lazy\" decoding=\"async\" width=\"596\" height=\"168\" src=\"https:\/\/crowst.com\/crowsters\/wp-content\/uploads\/sites\/2\/2021\/10\/lataa-crowst-appstoresta.png\" alt=\"\" class=\"wp-image-775\" srcset=\"https:\/\/www.crowst.com\/crowsters\/wp-content\/uploads\/sites\/2\/2021\/10\/lataa-crowst-appstoresta.png 596w, https:\/\/www.crowst.com\/crowsters\/wp-content\/uploads\/sites\/2\/2021\/10\/lataa-crowst-appstoresta-250x70.png 250w, https:\/\/www.crowst.com\/crowsters\/wp-content\/uploads\/sites\/2\/2021\/10\/lataa-crowst-appstoresta-120x34.png 120w\" sizes=\"auto, (max-width: 596px) 100vw, 596px\" \/><\/a><\/figure>\n<\/div>\n\n\n\n<div class=\"wp-block-column is-layout-flow wp-block-column-is-layout-flow\">\n<figure class=\"wp-block-image size-full\"><a href=\"https:\/\/play.google.com\/store\/apps\/details?id=com.crowst.crowstapp&amp;hl=fi&amp;gl=US\" target=\"_blank\" rel=\"noopener\"><img loading=\"lazy\" decoding=\"async\" width=\"596\" height=\"168\" src=\"https:\/\/crowst.com\/crowsters\/wp-content\/uploads\/sites\/2\/2021\/10\/lataa-crowst-googleplaystoresta.png\" alt=\"\" class=\"wp-image-774\" srcset=\"https:\/\/www.crowst.com\/crowsters\/wp-content\/uploads\/sites\/2\/2021\/10\/lataa-crowst-googleplaystoresta.png 596w, https:\/\/www.crowst.com\/crowsters\/wp-content\/uploads\/sites\/2\/2021\/10\/lataa-crowst-googleplaystoresta-250x70.png 250w, https:\/\/www.crowst.com\/crowsters\/wp-content\/uploads\/sites\/2\/2021\/10\/lataa-crowst-googleplaystoresta-120x34.png 120w\" sizes=\"auto, (max-width: 596px) 100vw, 596px\" \/><\/a><\/figure>\n<\/div>\n<\/div>\n<\/div><\/div>\n","protected":false},"excerpt":{"rendered":"K\u00e4ytt\u00e4\u00e4 lahjakortit Ruokakauppoihin Yritysten kyselytulosten perusteella tekemien toimenpiteiden n\u00e4keminen palkitsee Postilla ty\u00f6skentelev\u00e4 Satu tykk\u00e4\u00e4 viett\u00e4\u00e4 vapaa-aikaansa ulkoillen, liikkuen, el\u00e4inten parissa sek\u00e4 poikayst\u00e4v\u00e4n kanssa elokuvia ja tv-sarjoja katsellen. Vaikuttaminen oli Satulle tuttua jo ennest\u00e4\u00e4n. \u201dOlin aiemmin ollut mukana jossakin vastaavassa palvelussa, mutta teht\u00e4vi\u00e4 ei pahemmin tullut. Kiinnostuin Crowstista n\u00e4hty\u00e4ni mainoksen somessa ja j\u00e4in koukkuun\u201d, Satu nauraa&#8230;. <a class=\"view-article\" href=\"https:\/\/www.crowst.com\/crowsters\/fi\/anna-me-kerromme\/satu-33-kuopio\/\">Read article<\/a>","protected":false},"author":1,"featured_media":147,"parent":162,"menu_order":0,"comment_status":"closed","ping_status":"closed","template":"single-crowster.php","meta":{"inline_featured_image":false,"footnotes":""},"class_list":["post-182","page","type-page","status-publish","has-post-thumbnail","hentry"],"yoast_head":"<!-- This site is optimized with the Yoast SEO Premium plugin v24.0 (Yoast SEO v27.5) - https:\/\/yoast.com\/product\/yoast-seo-premium-wordpress\/ -->\n<title>Satu 33, Kuopio - Crowsters<\/title>\n<meta name=\"robots\" content=\"index, follow, max-snippet:-1, max-image-preview:large, max-video-preview:-1\" \/>\n<link rel=\"canonical\" href=\"https:\/\/www.crowst.com\/crowsters\/fi\/anna-me-kerromme\/satu-33-kuopio\/\" \/>\n<meta property=\"og:locale\" content=\"fi_FI\" \/>\n<meta property=\"og:type\" content=\"article\" \/>\n<meta property=\"og:title\" content=\"Satu 33, Kuopio\" \/>\n<meta property=\"og:description\" content=\"K\u00e4ytt\u00e4\u00e4 lahjakortit Ruokakauppoihin Yritysten kyselytulosten perusteella tekemien toimenpiteiden n\u00e4keminen palkitsee Postilla ty\u00f6skentelev\u00e4 Satu tykk\u00e4\u00e4 viett\u00e4\u00e4 vapaa-aikaansa ulkoillen, liikkuen, el\u00e4inten parissa sek\u00e4 poikayst\u00e4v\u00e4n kanssa elokuvia ja tv-sarjoja katsellen. Vaikuttaminen oli Satulle tuttua jo ennest\u00e4\u00e4n. \u201dOlin aiemmin ollut mukana jossakin vastaavassa palvelussa, mutta teht\u00e4vi\u00e4 ei pahemmin tullut. Kiinnostuin Crowstista n\u00e4hty\u00e4ni mainoksen somessa ja j\u00e4in koukkuun\u201d, Satu nauraa.... Read article\" \/>\n<meta property=\"og:url\" content=\"https:\/\/www.crowst.com\/crowsters\/fi\/anna-me-kerromme\/satu-33-kuopio\/\" \/>\n<meta property=\"og:site_name\" content=\"Crowsters\" \/>\n<meta property=\"article:publisher\" content=\"https:\/\/www.facebook.com\/CrowstApp\/\" \/>\n<meta property=\"article:modified_time\" content=\"2024-10-12T13:01:31+00:00\" \/>\n<meta property=\"og:image\" content=\"https:\/\/www.crowst.com\/crowsters\/wp-content\/uploads\/sites\/2\/2021\/09\/satu-bg-e1633603790355.png\" \/>\n\t<meta property=\"og:image:width\" content=\"1000\" \/>\n\t<meta property=\"og:image:height\" content=\"475\" \/>\n\t<meta property=\"og:image:type\" content=\"image\/png\" \/>\n<meta name=\"twitter:card\" content=\"summary_large_image\" \/>\n<meta name=\"twitter:label1\" content=\"Arvioitu lukuaika\" \/>\n\t<meta name=\"twitter:data1\" content=\"4 minuuttia\" \/>\n<script type=\"application\/ld+json\" class=\"yoast-schema-graph\">{\"@context\":\"https:\\\/\\\/schema.org\",\"@graph\":[{\"@type\":\"WebPage\",\"@id\":\"https:\\\/\\\/www.crowst.com\\\/crowsters\\\/fi\\\/anna-me-kerromme\\\/satu-33-kuopio\\\/\",\"url\":\"https:\\\/\\\/www.crowst.com\\\/crowsters\\\/fi\\\/anna-me-kerromme\\\/satu-33-kuopio\\\/\",\"name\":\"Satu 33, Kuopio - Crowsters\",\"isPartOf\":{\"@id\":\"https:\\\/\\\/www.crowst.com\\\/crowsters\\\/#website\"},\"primaryImageOfPage\":{\"@id\":\"https:\\\/\\\/www.crowst.com\\\/crowsters\\\/fi\\\/anna-me-kerromme\\\/satu-33-kuopio\\\/#primaryimage\"},\"image\":{\"@id\":\"https:\\\/\\\/www.crowst.com\\\/crowsters\\\/fi\\\/anna-me-kerromme\\\/satu-33-kuopio\\\/#primaryimage\"},\"thumbnailUrl\":\"https:\\\/\\\/www.crowst.com\\\/crowsters\\\/wp-content\\\/uploads\\\/sites\\\/2\\\/2021\\\/09\\\/satu-bg-e1633603790355.png\",\"datePublished\":\"2021-09-24T07:28:04+00:00\",\"dateModified\":\"2024-10-12T13:01:31+00:00\",\"breadcrumb\":{\"@id\":\"https:\\\/\\\/www.crowst.com\\\/crowsters\\\/fi\\\/anna-me-kerromme\\\/satu-33-kuopio\\\/#breadcrumb\"},\"inLanguage\":\"fi\",\"potentialAction\":[{\"@type\":\"ReadAction\",\"target\":[\"https:\\\/\\\/www.crowst.com\\\/crowsters\\\/fi\\\/anna-me-kerromme\\\/satu-33-kuopio\\\/\"]}]},{\"@type\":\"ImageObject\",\"inLanguage\":\"fi\",\"@id\":\"https:\\\/\\\/www.crowst.com\\\/crowsters\\\/fi\\\/anna-me-kerromme\\\/satu-33-kuopio\\\/#primaryimage\",\"url\":\"https:\\\/\\\/www.crowst.com\\\/crowsters\\\/wp-content\\\/uploads\\\/sites\\\/2\\\/2021\\\/09\\\/satu-bg-e1633603790355.png\",\"contentUrl\":\"https:\\\/\\\/www.crowst.com\\\/crowsters\\\/wp-content\\\/uploads\\\/sites\\\/2\\\/2021\\\/09\\\/satu-bg-e1633603790355.png\",\"width\":1000,\"height\":475},{\"@type\":\"BreadcrumbList\",\"@id\":\"https:\\\/\\\/www.crowst.com\\\/crowsters\\\/fi\\\/anna-me-kerromme\\\/satu-33-kuopio\\\/#breadcrumb\",\"itemListElement\":[{\"@type\":\"ListItem\",\"position\":1,\"name\":\"Etusivu\",\"item\":\"https:\\\/\\\/www.crowst.com\\\/crowsters\\\/\"},{\"@type\":\"ListItem\",\"position\":2,\"name\":\"Anna me kerromme\",\"item\":\"https:\\\/\\\/crowstcom-wp14195.test.cchosting.fi\\\/crowsters\\\/fi\\\/anna-me-kerromme\\\/\"},{\"@type\":\"ListItem\",\"position\":3,\"name\":\"Satu 33, Kuopio\"}]},{\"@type\":\"WebSite\",\"@id\":\"https:\\\/\\\/www.crowst.com\\\/crowsters\\\/#website\",\"url\":\"https:\\\/\\\/www.crowst.com\\\/crowsters\\\/\",\"name\":\"Crowsters\",\"description\":\"\",\"publisher\":{\"@id\":\"https:\\\/\\\/www.crowst.com\\\/crowsters\\\/#organization\"},\"potentialAction\":[{\"@type\":\"SearchAction\",\"target\":{\"@type\":\"EntryPoint\",\"urlTemplate\":\"https:\\\/\\\/www.crowst.com\\\/crowsters\\\/?s={search_term_string}\"},\"query-input\":{\"@type\":\"PropertyValueSpecification\",\"valueRequired\":true,\"valueName\":\"search_term_string\"}}],\"inLanguage\":\"fi\"},{\"@type\":\"Organization\",\"@id\":\"https:\\\/\\\/www.crowst.com\\\/crowsters\\\/#organization\",\"name\":\"Crowst\",\"url\":\"https:\\\/\\\/www.crowst.com\\\/crowsters\\\/\",\"logo\":{\"@type\":\"ImageObject\",\"inLanguage\":\"fi\",\"@id\":\"https:\\\/\\\/www.crowst.com\\\/crowsters\\\/#\\\/schema\\\/logo\\\/image\\\/\",\"url\":\"https:\\\/\\\/crowst.com\\\/crowsters\\\/wp-content\\\/uploads\\\/sites\\\/2\\\/2021\\\/10\\\/logo-orange.svg\",\"contentUrl\":\"https:\\\/\\\/crowst.com\\\/crowsters\\\/wp-content\\\/uploads\\\/sites\\\/2\\\/2021\\\/10\\\/logo-orange.svg\",\"width\":486,\"height\":104,\"caption\":\"Crowst\"},\"image\":{\"@id\":\"https:\\\/\\\/www.crowst.com\\\/crowsters\\\/#\\\/schema\\\/logo\\\/image\\\/\"},\"sameAs\":[\"https:\\\/\\\/www.facebook.com\\\/CrowstApp\\\/\",\"https:\\\/\\\/www.instagram.com\\\/crowstapp\\\/\",\"https:\\\/\\\/www.linkedin.com\\\/company\\\/crowst\\\/\"]}]}<\/script>\n<!-- \/ Yoast SEO Premium plugin. -->","yoast_head_json":{"title":"Satu 33, Kuopio - Crowsters","robots":{"index":"index","follow":"follow","max-snippet":"max-snippet:-1","max-image-preview":"max-image-preview:large","max-video-preview":"max-video-preview:-1"},"canonical":"https:\/\/www.crowst.com\/crowsters\/fi\/anna-me-kerromme\/satu-33-kuopio\/","og_locale":"fi_FI","og_type":"article","og_title":"Satu 33, Kuopio","og_description":"K\u00e4ytt\u00e4\u00e4 lahjakortit Ruokakauppoihin Yritysten kyselytulosten perusteella tekemien toimenpiteiden n\u00e4keminen palkitsee Postilla ty\u00f6skentelev\u00e4 Satu tykk\u00e4\u00e4 viett\u00e4\u00e4 vapaa-aikaansa ulkoillen, liikkuen, el\u00e4inten parissa sek\u00e4 poikayst\u00e4v\u00e4n kanssa elokuvia ja tv-sarjoja katsellen. Vaikuttaminen oli Satulle tuttua jo ennest\u00e4\u00e4n. \u201dOlin aiemmin ollut mukana jossakin vastaavassa palvelussa, mutta teht\u00e4vi\u00e4 ei pahemmin tullut. Kiinnostuin Crowstista n\u00e4hty\u00e4ni mainoksen somessa ja j\u00e4in koukkuun\u201d, Satu nauraa.... Read article","og_url":"https:\/\/www.crowst.com\/crowsters\/fi\/anna-me-kerromme\/satu-33-kuopio\/","og_site_name":"Crowsters","article_publisher":"https:\/\/www.facebook.com\/CrowstApp\/","article_modified_time":"2024-10-12T13:01:31+00:00","og_image":[{"width":1000,"height":475,"url":"https:\/\/www.crowst.com\/crowsters\/wp-content\/uploads\/sites\/2\/2021\/09\/satu-bg-e1633603790355.png","type":"image\/png"}],"twitter_card":"summary_large_image","twitter_misc":{"Arvioitu lukuaika":"4 minuuttia"},"schema":{"@context":"https:\/\/schema.org","@graph":[{"@type":"WebPage","@id":"https:\/\/www.crowst.com\/crowsters\/fi\/anna-me-kerromme\/satu-33-kuopio\/","url":"https:\/\/www.crowst.com\/crowsters\/fi\/anna-me-kerromme\/satu-33-kuopio\/","name":"Satu 33, Kuopio - Crowsters","isPartOf":{"@id":"https:\/\/www.crowst.com\/crowsters\/#website"},"primaryImageOfPage":{"@id":"https:\/\/www.crowst.com\/crowsters\/fi\/anna-me-kerromme\/satu-33-kuopio\/#primaryimage"},"image":{"@id":"https:\/\/www.crowst.com\/crowsters\/fi\/anna-me-kerromme\/satu-33-kuopio\/#primaryimage"},"thumbnailUrl":"https:\/\/www.crowst.com\/crowsters\/wp-content\/uploads\/sites\/2\/2021\/09\/satu-bg-e1633603790355.png","datePublished":"2021-09-24T07:28:04+00:00","dateModified":"2024-10-12T13:01:31+00:00","breadcrumb":{"@id":"https:\/\/www.crowst.com\/crowsters\/fi\/anna-me-kerromme\/satu-33-kuopio\/#breadcrumb"},"inLanguage":"fi","potentialAction":[{"@type":"ReadAction","target":["https:\/\/www.crowst.com\/crowsters\/fi\/anna-me-kerromme\/satu-33-kuopio\/"]}]},{"@type":"ImageObject","inLanguage":"fi","@id":"https:\/\/www.crowst.com\/crowsters\/fi\/anna-me-kerromme\/satu-33-kuopio\/#primaryimage","url":"https:\/\/www.crowst.com\/crowsters\/wp-content\/uploads\/sites\/2\/2021\/09\/satu-bg-e1633603790355.png","contentUrl":"https:\/\/www.crowst.com\/crowsters\/wp-content\/uploads\/sites\/2\/2021\/09\/satu-bg-e1633603790355.png","width":1000,"height":475},{"@type":"BreadcrumbList","@id":"https:\/\/www.crowst.com\/crowsters\/fi\/anna-me-kerromme\/satu-33-kuopio\/#breadcrumb","itemListElement":[{"@type":"ListItem","position":1,"name":"Etusivu","item":"https:\/\/www.crowst.com\/crowsters\/"},{"@type":"ListItem","position":2,"name":"Anna me kerromme","item":"https:\/\/crowstcom-wp14195.test.cchosting.fi\/crowsters\/fi\/anna-me-kerromme\/"},{"@type":"ListItem","position":3,"name":"Satu 33, Kuopio"}]},{"@type":"WebSite","@id":"https:\/\/www.crowst.com\/crowsters\/#website","url":"https:\/\/www.crowst.com\/crowsters\/","name":"Crowsters","description":"","publisher":{"@id":"https:\/\/www.crowst.com\/crowsters\/#organization"},"potentialAction":[{"@type":"SearchAction","target":{"@type":"EntryPoint","urlTemplate":"https:\/\/www.crowst.com\/crowsters\/?s={search_term_string}"},"query-input":{"@type":"PropertyValueSpecification","valueRequired":true,"valueName":"search_term_string"}}],"inLanguage":"fi"},{"@type":"Organization","@id":"https:\/\/www.crowst.com\/crowsters\/#organization","name":"Crowst","url":"https:\/\/www.crowst.com\/crowsters\/","logo":{"@type":"ImageObject","inLanguage":"fi","@id":"https:\/\/www.crowst.com\/crowsters\/#\/schema\/logo\/image\/","url":"https:\/\/crowst.com\/crowsters\/wp-content\/uploads\/sites\/2\/2021\/10\/logo-orange.svg","contentUrl":"https:\/\/crowst.com\/crowsters\/wp-content\/uploads\/sites\/2\/2021\/10\/logo-orange.svg","width":486,"height":104,"caption":"Crowst"},"image":{"@id":"https:\/\/www.crowst.com\/crowsters\/#\/schema\/logo\/image\/"},"sameAs":["https:\/\/www.facebook.com\/CrowstApp\/","https:\/\/www.instagram.com\/crowstapp\/","https:\/\/www.linkedin.com\/company\/crowst\/"]}]}},"_links":{"self":[{"href":"https:\/\/www.crowst.com\/crowsters\/wp-json\/wp\/v2\/pages\/182","targetHints":{"allow":["GET"]}}],"collection":[{"href":"https:\/\/www.crowst.com\/crowsters\/wp-json\/wp\/v2\/pages"}],"about":[{"href":"https:\/\/www.crowst.com\/crowsters\/wp-json\/wp\/v2\/types\/page"}],"author":[{"embeddable":true,"href":"https:\/\/www.crowst.com\/crowsters\/wp-json\/wp\/v2\/users\/1"}],"replies":[{"embeddable":true,"href":"https:\/\/www.crowst.com\/crowsters\/wp-json\/wp\/v2\/comments?post=182"}],"version-history":[{"count":8,"href":"https:\/\/www.crowst.com\/crowsters\/wp-json\/wp\/v2\/pages\/182\/revisions"}],"predecessor-version":[{"id":1423,"href":"https:\/\/www.crowst.com\/crowsters\/wp-json\/wp\/v2\/pages\/182\/revisions\/1423"}],"up":[{"embeddable":true,"href":"https:\/\/www.crowst.com\/crowsters\/wp-json\/wp\/v2\/pages\/162"}],"wp:featuredmedia":[{"embeddable":true,"href":"https:\/\/www.crowst.com\/crowsters\/wp-json\/wp\/v2\/media\/147"}],"wp:attachment":[{"href":"https:\/\/www.crowst.com\/crowsters\/wp-json\/wp\/v2\/media?parent=182"}],"curies":[{"name":"wp","href":"https:\/\/api.w.org\/{rel}","templated":true}]}}