{"id":1272,"date":"2021-12-22T23:12:37","date_gmt":"2021-12-22T21:12:37","guid":{"rendered":"https:\/\/www.crowst.com\/crowsters\/?page_id=1272"},"modified":"2024-10-12T14:31:46","modified_gmt":"2024-10-12T11:31:46","slug":"arvon-lunastusehdot","status":"publish","type":"page","link":"https:\/\/www.crowst.com\/crowsters\/fi\/arvon-lunastusehdot\/","title":{"rendered":"Arvon Lunastusehdot"},"content":{"rendered":"\n<div class=\"wp-block-group\"><div class=\"wp-block-group__inner-container is-layout-flow wp-block-group-is-layout-flow\">\n<h2 class=\"wp-block-heading\" id=\"h-crowst-oy-arvon-lunastusehdot\">Crowst Oy Arvon Lunastusehdot<\/h2>\n\n\n\n<h6 class=\"wp-block-heading\" id=\"h-paivitetty-12-lokakuuta-2024\">P\u00e4ivitetty 12 lokakuuta 2024<\/h6>\n\n\n\n<p>Voidaksesi lunastaa lahjakortin hyv\u00e4ksyt alla olevat lunastusehdot. Lue ehdot huolellisesti ennen lunastustoiminnon k\u00e4ytt\u00f6\u00e4.<\/p>\n\n\n\n<h3 class=\"wp-block-heading\" id=\"h-yhteistyokumppaneihin-liittyvat-ehdot\">Yhteisty\u00f6kumppaneihin liittyv\u00e4t ehdot<\/h3>\n\n\n\n<p>Lahjakortteihin ja niiden k\u00e4ytt\u00f6\u00f6n sovelletaan kunkin vastaavan yhteisty\u00f6kumppanimme s\u00e4\u00e4nt\u00f6j\u00e4 ja ohjeita. Crowst ei vastaa n\u00e4iden s\u00e4\u00e4nt\u00f6jen ja ohjeiden m\u00e4\u00e4rittelyst\u00e4, sis\u00e4ll\u00f6st\u00e4 ja\/tai muuttamisesta mill\u00e4\u00e4n tavoin. Luethan sinua kiinnostavan lahjakortin s\u00e4\u00e4nn\u00f6t ja ohjeet huolellisesti ennen kyseisen kortin valintaa.<\/p>\n\n\n\n<h3 class=\"wp-block-heading\" id=\"h-lahjakortin-voimassaolo\">Lahjakortin voimassaolo<\/h3>\n\n\n\n<p>Lahjakortti on voimassa usein 1 vuoden ajan siit\u00e4 ajankohdasta lukien jolloin se my\u00f6nnet\u00e4\u00e4n. Huomaathan kuitenkin, ett\u00e4 Crowstin yhteisty\u00f6kumppanit m\u00e4\u00e4rittelev\u00e4t voimassaolon ja ne saattavat niin halutessaan muuttaa lahjakortin voimassaoloaikaa. Crowst ei voi my\u00f6nt\u00e4\u00e4 yhteisty\u00f6kumppanin ehtoihin ja s\u00e4\u00e4nt\u00f6ihin mit\u00e4\u00e4n muutoksia tai poikkeuksia.<\/p>\n\n\n\n<p>Luethan huolellisesti sinua kiinnostavan lahjakortin ehdot ennen valintaa, koska ehdoissa saattaa olla rajoituksia siihen miss\u00e4, miten ja milloin lahjakorttia voi k\u00e4ytt\u00e4\u00e4.<\/p>\n\n\n\n<h3 class=\"wp-block-heading\" id=\"h-arvo\">Arvo<\/h3>\n\n\n\n<p>Lahjakortteja voi lunastaa AINOASTAAN niille arvoille jotka ilmoitetaan ja annetaan Crowst mobiilisovelluksessa (10\u20ac tai 20\u20ac). Crowsteri (Crowst-sovelluksen k\u00e4ytt\u00e4j\u00e4 ja lahjakortin lunastaja) ei voi lunastaa mit\u00e4\u00e4n muita summia kuin 10\u20ac tai 20\u20ac. Jos Crowsterilla on enemm\u00e4n arvoa kuin 20\u20ac sovelluksen mobiilitilill\u00e4\u00e4n, h\u00e4n voi lunastaa kokonaisarvon erillisin\u00e4 10\u20ac ja\/tai 20\u20ac arvoisina lahjakortteina.<\/p>\n\n\n\n<h3 class=\"wp-block-heading\" id=\"h-toimitus\">Toimitus<\/h3>\n\n\n\n<p>E-lahjakortit toimitetaan Crowsterin ilmoittamaan s\u00e4hk\u00f6postiin 5 &#8211; 10 ty\u00f6p\u00e4iv\u00e4n kuluessa.<\/p>\n\n\n\n<h3 class=\"wp-block-heading\" id=\"h-tarjolla-olevat-lahjakortti-vaihtoehdot\">Tarjolla olevat lahjakortti vaihtoehdot<\/h3>\n\n\n\n<p>Crowst pid\u00e4tt\u00e4\u00e4 oikeuden p\u00e4ivitt\u00e4\u00e4 tai muuttaa valittavissa olevien lahjakorttien listaa mobiilisovelluksessa. T\u00e4m\u00e4 kattaa uusien lahjakortti-vaihtoehtojen ja yhteisty\u00f6kumppaneiden lis\u00e4\u00e4misen ja poistamisen. Yhteisty\u00f6kumppanin Crowstereille jo my\u00f6nt\u00e4m\u00e4t lahjakortit ovat voimassa kyseisen yhteisty\u00f6kumppanin ehtojen mukaisesti siin\u00e4kin tapauksessa ett\u00e4 Crowst p\u00e4\u00e4tt\u00e4\u00e4 poistaa yhteisty\u00f6kumppanin lahjakortin vaihtoehtojen joukosta.<\/p>\n<\/div><\/div>\n","protected":false},"excerpt":{"rendered":"Crowst Oy Arvon Lunastusehdot P\u00e4ivitetty 12 lokakuuta 2024 Voidaksesi lunastaa lahjakortin hyv\u00e4ksyt alla olevat lunastusehdot. Lue ehdot huolellisesti ennen lunastustoiminnon k\u00e4ytt\u00f6\u00e4. Yhteisty\u00f6kumppaneihin liittyv\u00e4t ehdot Lahjakortteihin ja niiden k\u00e4ytt\u00f6\u00f6n sovelletaan kunkin vastaavan yhteisty\u00f6kumppanimme s\u00e4\u00e4nt\u00f6j\u00e4 ja ohjeita. Crowst ei vastaa n\u00e4iden s\u00e4\u00e4nt\u00f6jen ja ohjeiden m\u00e4\u00e4rittelyst\u00e4, sis\u00e4ll\u00f6st\u00e4 ja\/tai muuttamisesta mill\u00e4\u00e4n tavoin. Luethan sinua kiinnostavan lahjakortin s\u00e4\u00e4nn\u00f6t ja ohjeet&#8230; <a class=\"view-article\" href=\"https:\/\/www.crowst.com\/crowsters\/fi\/arvon-lunastusehdot\/\">Read article<\/a>","protected":false},"author":7,"featured_media":0,"parent":0,"menu_order":0,"comment_status":"closed","ping_status":"closed","template":"page-without-hero.php","meta":{"inline_featured_image":false,"footnotes":""},"class_list":["post-1272","page","type-page","status-publish","hentry"],"yoast_head":"<!-- This site is optimized with the Yoast SEO Premium plugin v24.0 (Yoast SEO v27.4) - https:\/\/yoast.com\/product\/yoast-seo-premium-wordpress\/ -->\n<title>Arvon Lunastusehdot - Crowsters<\/title>\n<meta name=\"robots\" content=\"index, follow, max-snippet:-1, max-image-preview:large, max-video-preview:-1\" \/>\n<link rel=\"canonical\" href=\"https:\/\/www.crowst.com\/crowsters\/fi\/arvon-lunastusehdot\/\" \/>\n<meta property=\"og:locale\" content=\"fi_FI\" \/>\n<meta property=\"og:type\" content=\"article\" \/>\n<meta property=\"og:title\" content=\"Arvon Lunastusehdot\" \/>\n<meta property=\"og:description\" content=\"Crowst Oy Arvon Lunastusehdot P\u00e4ivitetty 12 lokakuuta 2024 Voidaksesi lunastaa lahjakortin hyv\u00e4ksyt alla olevat lunastusehdot. Lue ehdot huolellisesti ennen lunastustoiminnon k\u00e4ytt\u00f6\u00e4. Yhteisty\u00f6kumppaneihin liittyv\u00e4t ehdot Lahjakortteihin ja niiden k\u00e4ytt\u00f6\u00f6n sovelletaan kunkin vastaavan yhteisty\u00f6kumppanimme s\u00e4\u00e4nt\u00f6j\u00e4 ja ohjeita. Crowst ei vastaa n\u00e4iden s\u00e4\u00e4nt\u00f6jen ja ohjeiden m\u00e4\u00e4rittelyst\u00e4, sis\u00e4ll\u00f6st\u00e4 ja\/tai muuttamisesta mill\u00e4\u00e4n tavoin. Luethan sinua kiinnostavan lahjakortin s\u00e4\u00e4nn\u00f6t ja ohjeet... Read article\" \/>\n<meta property=\"og:url\" content=\"https:\/\/www.crowst.com\/crowsters\/fi\/arvon-lunastusehdot\/\" \/>\n<meta property=\"og:site_name\" content=\"Crowsters\" \/>\n<meta property=\"article:publisher\" content=\"https:\/\/www.facebook.com\/CrowstApp\/\" \/>\n<meta property=\"article:modified_time\" content=\"2024-10-12T11:31:46+00:00\" \/>\n<meta property=\"og:image\" content=\"https:\/\/www.crowst.com\/crowsters\/wp-content\/uploads\/sites\/2\/2021\/10\/crowst-share-b2c-1.jpg\" \/>\n\t<meta property=\"og:image:width\" content=\"1280\" \/>\n\t<meta property=\"og:image:height\" content=\"720\" \/>\n\t<meta property=\"og:image:type\" content=\"image\/jpeg\" \/>\n<meta name=\"twitter:card\" content=\"summary_large_image\" \/>\n<meta name=\"twitter:label1\" content=\"Arvioitu lukuaika\" \/>\n\t<meta name=\"twitter:data1\" content=\"2 minuuttia\" \/>\n<script type=\"application\/ld+json\" class=\"yoast-schema-graph\">{\"@context\":\"https:\\\/\\\/schema.org\",\"@graph\":[{\"@type\":\"WebPage\",\"@id\":\"https:\\\/\\\/www.crowst.com\\\/crowsters\\\/fi\\\/arvon-lunastusehdot\\\/\",\"url\":\"https:\\\/\\\/www.crowst.com\\\/crowsters\\\/fi\\\/arvon-lunastusehdot\\\/\",\"name\":\"Arvon Lunastusehdot - Crowsters\",\"isPartOf\":{\"@id\":\"https:\\\/\\\/www.crowst.com\\\/crowsters\\\/#website\"},\"datePublished\":\"2021-12-22T21:12:37+00:00\",\"dateModified\":\"2024-10-12T11:31:46+00:00\",\"breadcrumb\":{\"@id\":\"https:\\\/\\\/www.crowst.com\\\/crowsters\\\/fi\\\/arvon-lunastusehdot\\\/#breadcrumb\"},\"inLanguage\":\"fi\",\"potentialAction\":[{\"@type\":\"ReadAction\",\"target\":[\"https:\\\/\\\/www.crowst.com\\\/crowsters\\\/fi\\\/arvon-lunastusehdot\\\/\"]}]},{\"@type\":\"BreadcrumbList\",\"@id\":\"https:\\\/\\\/www.crowst.com\\\/crowsters\\\/fi\\\/arvon-lunastusehdot\\\/#breadcrumb\",\"itemListElement\":[{\"@type\":\"ListItem\",\"position\":1,\"name\":\"Etusivu\",\"item\":\"https:\\\/\\\/www.crowst.com\\\/crowsters\\\/\"},{\"@type\":\"ListItem\",\"position\":2,\"name\":\"Arvon Lunastusehdot\"}]},{\"@type\":\"WebSite\",\"@id\":\"https:\\\/\\\/www.crowst.com\\\/crowsters\\\/#website\",\"url\":\"https:\\\/\\\/www.crowst.com\\\/crowsters\\\/\",\"name\":\"Crowsters\",\"description\":\"\",\"publisher\":{\"@id\":\"https:\\\/\\\/www.crowst.com\\\/crowsters\\\/#organization\"},\"potentialAction\":[{\"@type\":\"SearchAction\",\"target\":{\"@type\":\"EntryPoint\",\"urlTemplate\":\"https:\\\/\\\/www.crowst.com\\\/crowsters\\\/?s={search_term_string}\"},\"query-input\":{\"@type\":\"PropertyValueSpecification\",\"valueRequired\":true,\"valueName\":\"search_term_string\"}}],\"inLanguage\":\"fi\"},{\"@type\":\"Organization\",\"@id\":\"https:\\\/\\\/www.crowst.com\\\/crowsters\\\/#organization\",\"name\":\"Crowst\",\"url\":\"https:\\\/\\\/www.crowst.com\\\/crowsters\\\/\",\"logo\":{\"@type\":\"ImageObject\",\"inLanguage\":\"fi\",\"@id\":\"https:\\\/\\\/www.crowst.com\\\/crowsters\\\/#\\\/schema\\\/logo\\\/image\\\/\",\"url\":\"https:\\\/\\\/crowst.com\\\/crowsters\\\/wp-content\\\/uploads\\\/sites\\\/2\\\/2021\\\/10\\\/logo-orange.svg\",\"contentUrl\":\"https:\\\/\\\/crowst.com\\\/crowsters\\\/wp-content\\\/uploads\\\/sites\\\/2\\\/2021\\\/10\\\/logo-orange.svg\",\"width\":486,\"height\":104,\"caption\":\"Crowst\"},\"image\":{\"@id\":\"https:\\\/\\\/www.crowst.com\\\/crowsters\\\/#\\\/schema\\\/logo\\\/image\\\/\"},\"sameAs\":[\"https:\\\/\\\/www.facebook.com\\\/CrowstApp\\\/\",\"https:\\\/\\\/www.instagram.com\\\/crowstapp\\\/\",\"https:\\\/\\\/www.linkedin.com\\\/company\\\/crowst\\\/\"]}]}<\/script>\n<!-- \/ Yoast SEO Premium plugin. -->","yoast_head_json":{"title":"Arvon Lunastusehdot - Crowsters","robots":{"index":"index","follow":"follow","max-snippet":"max-snippet:-1","max-image-preview":"max-image-preview:large","max-video-preview":"max-video-preview:-1"},"canonical":"https:\/\/www.crowst.com\/crowsters\/fi\/arvon-lunastusehdot\/","og_locale":"fi_FI","og_type":"article","og_title":"Arvon Lunastusehdot","og_description":"Crowst Oy Arvon Lunastusehdot P\u00e4ivitetty 12 lokakuuta 2024 Voidaksesi lunastaa lahjakortin hyv\u00e4ksyt alla olevat lunastusehdot. Lue ehdot huolellisesti ennen lunastustoiminnon k\u00e4ytt\u00f6\u00e4. Yhteisty\u00f6kumppaneihin liittyv\u00e4t ehdot Lahjakortteihin ja niiden k\u00e4ytt\u00f6\u00f6n sovelletaan kunkin vastaavan yhteisty\u00f6kumppanimme s\u00e4\u00e4nt\u00f6j\u00e4 ja ohjeita. Crowst ei vastaa n\u00e4iden s\u00e4\u00e4nt\u00f6jen ja ohjeiden m\u00e4\u00e4rittelyst\u00e4, sis\u00e4ll\u00f6st\u00e4 ja\/tai muuttamisesta mill\u00e4\u00e4n tavoin. Luethan sinua kiinnostavan lahjakortin s\u00e4\u00e4nn\u00f6t ja ohjeet... Read article","og_url":"https:\/\/www.crowst.com\/crowsters\/fi\/arvon-lunastusehdot\/","og_site_name":"Crowsters","article_publisher":"https:\/\/www.facebook.com\/CrowstApp\/","article_modified_time":"2024-10-12T11:31:46+00:00","og_image":[{"width":1280,"height":720,"url":"https:\/\/www.crowst.com\/crowsters\/wp-content\/uploads\/sites\/2\/2021\/10\/crowst-share-b2c-1.jpg","type":"image\/jpeg"}],"twitter_card":"summary_large_image","twitter_misc":{"Arvioitu lukuaika":"2 minuuttia"},"schema":{"@context":"https:\/\/schema.org","@graph":[{"@type":"WebPage","@id":"https:\/\/www.crowst.com\/crowsters\/fi\/arvon-lunastusehdot\/","url":"https:\/\/www.crowst.com\/crowsters\/fi\/arvon-lunastusehdot\/","name":"Arvon Lunastusehdot - Crowsters","isPartOf":{"@id":"https:\/\/www.crowst.com\/crowsters\/#website"},"datePublished":"2021-12-22T21:12:37+00:00","dateModified":"2024-10-12T11:31:46+00:00","breadcrumb":{"@id":"https:\/\/www.crowst.com\/crowsters\/fi\/arvon-lunastusehdot\/#breadcrumb"},"inLanguage":"fi","potentialAction":[{"@type":"ReadAction","target":["https:\/\/www.crowst.com\/crowsters\/fi\/arvon-lunastusehdot\/"]}]},{"@type":"BreadcrumbList","@id":"https:\/\/www.crowst.com\/crowsters\/fi\/arvon-lunastusehdot\/#breadcrumb","itemListElement":[{"@type":"ListItem","position":1,"name":"Etusivu","item":"https:\/\/www.crowst.com\/crowsters\/"},{"@type":"ListItem","position":2,"name":"Arvon Lunastusehdot"}]},{"@type":"WebSite","@id":"https:\/\/www.crowst.com\/crowsters\/#website","url":"https:\/\/www.crowst.com\/crowsters\/","name":"Crowsters","description":"","publisher":{"@id":"https:\/\/www.crowst.com\/crowsters\/#organization"},"potentialAction":[{"@type":"SearchAction","target":{"@type":"EntryPoint","urlTemplate":"https:\/\/www.crowst.com\/crowsters\/?s={search_term_string}"},"query-input":{"@type":"PropertyValueSpecification","valueRequired":true,"valueName":"search_term_string"}}],"inLanguage":"fi"},{"@type":"Organization","@id":"https:\/\/www.crowst.com\/crowsters\/#organization","name":"Crowst","url":"https:\/\/www.crowst.com\/crowsters\/","logo":{"@type":"ImageObject","inLanguage":"fi","@id":"https:\/\/www.crowst.com\/crowsters\/#\/schema\/logo\/image\/","url":"https:\/\/crowst.com\/crowsters\/wp-content\/uploads\/sites\/2\/2021\/10\/logo-orange.svg","contentUrl":"https:\/\/crowst.com\/crowsters\/wp-content\/uploads\/sites\/2\/2021\/10\/logo-orange.svg","width":486,"height":104,"caption":"Crowst"},"image":{"@id":"https:\/\/www.crowst.com\/crowsters\/#\/schema\/logo\/image\/"},"sameAs":["https:\/\/www.facebook.com\/CrowstApp\/","https:\/\/www.instagram.com\/crowstapp\/","https:\/\/www.linkedin.com\/company\/crowst\/"]}]}},"_links":{"self":[{"href":"https:\/\/www.crowst.com\/crowsters\/wp-json\/wp\/v2\/pages\/1272","targetHints":{"allow":["GET"]}}],"collection":[{"href":"https:\/\/www.crowst.com\/crowsters\/wp-json\/wp\/v2\/pages"}],"about":[{"href":"https:\/\/www.crowst.com\/crowsters\/wp-json\/wp\/v2\/types\/page"}],"author":[{"embeddable":true,"href":"https:\/\/www.crowst.com\/crowsters\/wp-json\/wp\/v2\/users\/7"}],"replies":[{"embeddable":true,"href":"https:\/\/www.crowst.com\/crowsters\/wp-json\/wp\/v2\/comments?post=1272"}],"version-history":[{"count":2,"href":"https:\/\/www.crowst.com\/crowsters\/wp-json\/wp\/v2\/pages\/1272\/revisions"}],"predecessor-version":[{"id":1387,"href":"https:\/\/www.crowst.com\/crowsters\/wp-json\/wp\/v2\/pages\/1272\/revisions\/1387"}],"wp:attachment":[{"href":"https:\/\/www.crowst.com\/crowsters\/wp-json\/wp\/v2\/media?parent=1272"}],"curies":[{"name":"wp","href":"https:\/\/api.w.org\/{rel}","templated":true}]}}